{"id":803,"date":"2025-03-13T20:26:07","date_gmt":"2025-03-13T20:26:07","guid":{"rendered":"https:\/\/laurencebancaud.com\/?page_id=803"},"modified":"2025-03-26T21:14:52","modified_gmt":"2025-03-26T21:14:52","slug":"duo-hautbois-et-harpe","status":"publish","type":"page","link":"https:\/\/laurencebancaud.com\/en\/harpiste\/biographie\/duo-hautbois-et-harpe\/","title":{"rendered":"Duo hautbois et harpe"},"content":{"rendered":"<figure class=\"wp-block-image size-large\"><img decoding=\"async\" loading=\"lazy\" width=\"1024\" height=\"769\" src=\"https:\/\/laurencebancaud.com\/wp-content\/uploads\/2025\/03\/duo-valerie1-1024x769.jpg\" alt=\"\" class=\"wp-image-808\" srcset=\"https:\/\/laurencebancaud.com\/wp-content\/uploads\/2025\/03\/duo-valerie1-1024x769.jpg 1024w, https:\/\/laurencebancaud.com\/wp-content\/uploads\/2025\/03\/duo-valerie1-300x225.jpg 300w, https:\/\/laurencebancaud.com\/wp-content\/uploads\/2025\/03\/duo-valerie1-768x577.jpg 768w, https:\/\/laurencebancaud.com\/wp-content\/uploads\/2025\/03\/duo-valerie1-1536x1153.jpg 1536w, https:\/\/laurencebancaud.com\/wp-content\/uploads\/2025\/03\/duo-valerie1-2048x1538.jpg 2048w, https:\/\/laurencebancaud.com\/wp-content\/uploads\/2025\/03\/duo-valerie1-16x12.jpg 16w\" sizes=\"(max-width: 1024px) 100vw, 1024px\" \/><\/figure>\n\n\n\n<p class=\"has-text-align-left has-ti-fg-color has-text-color\">Val\u00e9rie Liebenguth hautbois, cor anglais<br>Laurence Bancaud harpe, cithare<\/p>\n\n\n\n<p class=\"has-text-align-justify\">Les rencontres des cordes pinc\u00e9es de la harpe \u00e0 p\u00e9dales, de la harpe \u00e0 leviers et de la cithare avec le souffle du hautbois et le timbre chaud du cor anglais font na\u00eetre de multiples couleurs et cr\u00e9ent un monde sonore jusqu\u2019alors peu explor\u00e9. Les musiciennes m\u00ealent \u00e9galement voix chant\u00e9e et petites percussions \u00e0 cet univers contrast\u00e9.&nbsp;<br>Leur r\u00e9pertoire revisite les grandes \u0153uvres de leur formation, de Bach et des romantiques jusqu\u2019aux cr\u00e9ations contemporaines, et voyage \u00e0 travers diff\u00e9rentes traditions musicales du monde.<\/p>\n\n\n\n<figure class=\"wp-block-image size-large\"><img decoding=\"async\" loading=\"lazy\" width=\"1024\" height=\"683\" src=\"https:\/\/laurencebancaud.com\/wp-content\/uploads\/2025\/03\/duo-Valerie2-1024x683.jpg\" alt=\"\" class=\"wp-image-809\" srcset=\"https:\/\/laurencebancaud.com\/wp-content\/uploads\/2025\/03\/duo-Valerie2-1024x683.jpg 1024w, https:\/\/laurencebancaud.com\/wp-content\/uploads\/2025\/03\/duo-Valerie2-300x200.jpg 300w, https:\/\/laurencebancaud.com\/wp-content\/uploads\/2025\/03\/duo-Valerie2-768x512.jpg 768w, https:\/\/laurencebancaud.com\/wp-content\/uploads\/2025\/03\/duo-Valerie2-1536x1024.jpg 1536w, https:\/\/laurencebancaud.com\/wp-content\/uploads\/2025\/03\/duo-Valerie2-18x12.jpg 18w, https:\/\/laurencebancaud.com\/wp-content\/uploads\/2025\/03\/duo-Valerie2.jpg 1620w\" sizes=\"(max-width: 1024px) 100vw, 1024px\" \/><\/figure>\n\n\n\n<p class=\"has-text-align-justify\"><br>Dipl\u00f4m\u00e9e des CNSM de Lyon (hautbois) et Paris (musique de chambre), Val\u00e9rie Liebenguth est membre invit\u00e9e r\u00e9guli\u00e8re de l\u2019Orchestre Philharmonique de Radio-France, Orchestre de Lille, Orchestre Symphonique de B\u00e2le, Orchestre de Caen, Op\u00e9ra Royal de Versailles\u2026Titulaire du Certificat d\u2019Aptitude, elle enseigne le hautbois au CRR d\u2019Aubervilliers-La Courneuve et au P\u00f4le Sup\u201993 ; elle est \u00e9galement professeure de didactique au Conservatoire National Sup\u00e9rieur de Musique de Paris.<br><br>Laurence Bancaud suit une double formation : elle obtient un Premier Prix de harpe au Conservatoire National Sup\u00e9rieur de Musique de Paris ainsi qu\u2019une Ma\u00eetrise de musicologie \u00e0 l\u2019Universit\u00e9 de Tours. Elle se passionne autant pour la musique de chambre que pour le r\u00e9pertoire contemporain, et suscite de nombreuses cr\u00e9ations. Elle est membre du Duo Horspiste et du Trio Magadis, et joue \u00e9galement du dan tranh, la cithare vietnamienne.<br>Biographe du compositeur T\u00f4n-Th\u00e2t Ti\u00eat, elle est aussi pr\u00e9sidente de l\u2019association Les signes de l\u2019arc.&nbsp;<br>Nomm\u00e9e Professeur d\u2019Enseignement Artistique, elle enseigne au Conservatoire du 17e arrondissement de Paris.<\/p>\n\n\n\n<p>R\u00e9pertoire, extraits :<br>&#8211; J.S. Bach (1685-1750) : Sinfonia BWV 21&nbsp;<br>&#8211; W.A. Mozart (1756-1791) : Andante du concerto pour fl\u00fbte et harpe<br>&#8211; Gaetano Donizetti (1797-1848) : Solo&nbsp;<br>&#8211; Antonio Pasculli (1842-1924) : Omaggio a Bellini&nbsp;<br>&#8211; Robert Schumann (1810-1856) : Romance<br>&#8211; Jacques Ibert (1890-1962) : Escale \u00e0 Tunis&nbsp;<br>&#8211; B\u00e9la Bart\u00f3k (1881-1945) : Danses roumaines&nbsp;<br>&#8211; Komitas (1869-1935) : Airs traditionnels arm\u00e9niens&nbsp;<br>&#8211; Liliano mome, chant traditionnel bulgare&nbsp;<br>&#8211; airs traditionnels vietnamiens<br>&#8211; Lou Harrison (1917-2003) : pi\u00e8ces pour harpe et percussions<br>&#8211; Astor Piazzolla (1921-1992) : Oblivion<br>&#8211; Yoshihisa Ta\u00efra (1937-2005) : \u0116veil<br>&#8211; Heinz Holliger (n\u00e9 en 1939) : Mobile<\/p>\n\n\n\n<figure class=\"is-layout-flex wp-block-gallery-1 wp-block-gallery has-nested-images columns-default is-cropped\">\n<figure class=\"wp-block-image size-large\"><img decoding=\"async\" loading=\"lazy\" width=\"1024\" height=\"683\" data-id=\"867\"  src=\"https:\/\/laurencebancaud.com\/wp-content\/uploads\/2025\/03\/CREAT-LeloirJean-IMG_2687-min-1024x683.jpg\" alt=\"\" class=\"wp-image-867\" srcset=\"https:\/\/laurencebancaud.com\/wp-content\/uploads\/2025\/03\/CREAT-LeloirJean-IMG_2687-min-1024x683.jpg 1024w, https:\/\/laurencebancaud.com\/wp-content\/uploads\/2025\/03\/CREAT-LeloirJean-IMG_2687-min-300x200.jpg 300w, https:\/\/laurencebancaud.com\/wp-content\/uploads\/2025\/03\/CREAT-LeloirJean-IMG_2687-min-768x512.jpg 768w, https:\/\/laurencebancaud.com\/wp-content\/uploads\/2025\/03\/CREAT-LeloirJean-IMG_2687-min-1536x1024.jpg 1536w, https:\/\/laurencebancaud.com\/wp-content\/uploads\/2025\/03\/CREAT-LeloirJean-IMG_2687-min-2048x1365.jpg 2048w, https:\/\/laurencebancaud.com\/wp-content\/uploads\/2025\/03\/CREAT-LeloirJean-IMG_2687-min-18x12.jpg 18w\" sizes=\"(max-width: 1024px) 100vw, 1024px\" \/><\/figure>\n\n\n\n<figure class=\"wp-block-image size-thumbnail\"><img decoding=\"async\" loading=\"lazy\" width=\"150\" height=\"150\" data-id=\"868\"  src=\"https:\/\/laurencebancaud.com\/wp-content\/uploads\/2025\/03\/CREAT-LeloirJean-IMG_2724-1-min-150x150.jpg\" alt=\"\" class=\"wp-image-868\"\/><\/figure>\n\n\n\n<figure class=\"wp-block-image size-large\"><img decoding=\"async\" loading=\"lazy\" width=\"1024\" height=\"683\" data-id=\"869\"  src=\"https:\/\/laurencebancaud.com\/wp-content\/uploads\/2025\/03\/duo-valerie3-1-1024x683.jpg\" alt=\"\" class=\"wp-image-869\" srcset=\"https:\/\/laurencebancaud.com\/wp-content\/uploads\/2025\/03\/duo-valerie3-1-1024x683.jpg 1024w, https:\/\/laurencebancaud.com\/wp-content\/uploads\/2025\/03\/duo-valerie3-1-300x200.jpg 300w, https:\/\/laurencebancaud.com\/wp-content\/uploads\/2025\/03\/duo-valerie3-1-768x512.jpg 768w, https:\/\/laurencebancaud.com\/wp-content\/uploads\/2025\/03\/duo-valerie3-1-1536x1024.jpg 1536w, https:\/\/laurencebancaud.com\/wp-content\/uploads\/2025\/03\/duo-valerie3-1-18x12.jpg 18w, https:\/\/laurencebancaud.com\/wp-content\/uploads\/2025\/03\/duo-valerie3-1.jpg 1620w\" sizes=\"(max-width: 1024px) 100vw, 1024px\" \/><\/figure>\n<\/figure>","protected":false},"excerpt":{"rendered":"<p>Val\u00e9rie Liebenguth hautbois, cor anglaisLaurence Bancaud harpe, cithare Les rencontres des cordes pinc\u00e9es de la harpe \u00e0 p\u00e9dales, de la harpe \u00e0 leviers et de la cithare avec le souffle du hautbois et le timbre chaud du cor anglais font na\u00eetre de multiples couleurs et cr\u00e9ent un monde sonore jusqu\u2019alors peu explor\u00e9. Les musiciennes m\u00ealent [&hellip;]<\/p>","protected":false},"author":2,"featured_media":0,"parent":72,"menu_order":0,"comment_status":"closed","ping_status":"closed","template":"","meta":{"_editorskit_title_hidden":false,"_editorskit_reading_time":0,"_editorskit_is_block_options_detached":false,"_editorskit_block_options_position":"{}"},"_links":{"self":[{"href":"https:\/\/laurencebancaud.com\/en\/wp-json\/wp\/v2\/pages\/803"}],"collection":[{"href":"https:\/\/laurencebancaud.com\/en\/wp-json\/wp\/v2\/pages"}],"about":[{"href":"https:\/\/laurencebancaud.com\/en\/wp-json\/wp\/v2\/types\/page"}],"author":[{"embeddable":true,"href":"https:\/\/laurencebancaud.com\/en\/wp-json\/wp\/v2\/users\/2"}],"replies":[{"embeddable":true,"href":"https:\/\/laurencebancaud.com\/en\/wp-json\/wp\/v2\/comments?post=803"}],"version-history":[{"count":5,"href":"https:\/\/laurencebancaud.com\/en\/wp-json\/wp\/v2\/pages\/803\/revisions"}],"predecessor-version":[{"id":870,"href":"https:\/\/laurencebancaud.com\/en\/wp-json\/wp\/v2\/pages\/803\/revisions\/870"}],"up":[{"embeddable":true,"href":"https:\/\/laurencebancaud.com\/en\/wp-json\/wp\/v2\/pages\/72"}],"wp:attachment":[{"href":"https:\/\/laurencebancaud.com\/en\/wp-json\/wp\/v2\/media?parent=803"}],"curies":[{"name":"wp","href":"https:\/\/api.w.org\/{rel}","templated":true}]}}