{"id":76,"date":"2022-12-29T08:44:17","date_gmt":"2022-12-29T08:44:17","guid":{"rendered":"https:\/\/laurencebancaud.com\/?page_id=76"},"modified":"2025-09-01T19:19:17","modified_gmt":"2025-09-01T19:19:17","slug":"publications","status":"publish","type":"page","link":"https:\/\/laurencebancaud.com\/en\/harpiste\/publications\/","title":{"rendered":"Publications"},"content":{"rendered":"<div style=\"height:0px\" aria-hidden=\"true\" class=\"wp-block-spacer\"><\/div>\n\n\n\n<figure class=\"wp-block-image aligncenter size-full is-resized has-custom-border\"><img decoding=\"async\" loading=\"lazy\" src=\"https:\/\/laurencebancaud.com\/wp-content\/uploads\/2023\/01\/Livre_Ton-That-Tiet-1.jpg\" alt=\"\" class=\"has-border-color has-ti-fg-border-color wp-image-233\" width=\"464\" height=\"715\"\/><\/figure>\n\n\n\n<figure class=\"wp-block-image aligncenter size-full is-resized has-custom-border\"><img decoding=\"async\" loading=\"lazy\" src=\"https:\/\/laurencebancaud.com\/wp-content\/uploads\/2023\/01\/Couverture-1.jpg\" alt=\"\" class=\"wp-image-295\" style=\"border-width:1px\" width=\"463\" height=\"693\"\/><figcaption class=\"wp-element-caption\"><strong>Paris, 2013 (r\u00e9\u00e9dit\u00e9 en 2017). Pr\u00e9face de Jean-Yves Bosseur. <a rel=\"noreferrer noopener\" href=\"http:\/\/www.lessignesdelarc.org\/?page_id=43\" target=\"_blank\"><mark style=\"background-color:rgba(0, 0, 0, 0)\" class=\"has-inline-color has-ti-accent-color\">Plus d&rsquo;infos<\/mark><\/a><\/strong><\/figcaption><\/figure>\n\n\n\n<div style=\"margin-top:var(--wp--preset--spacing--20);margin-bottom:var(--wp--preset--spacing--20);height:30px\" aria-hidden=\"true\" class=\"wp-block-spacer\"><\/div>\n\n\n\n<figure class=\"wp-block-image size-large\"><img decoding=\"async\" loading=\"lazy\" width=\"1024\" height=\"726\" src=\"https:\/\/laurencebancaud.com\/wp-content\/uploads\/2023\/05\/LivreUS02-1024x726.jpg\" alt=\"\" class=\"wp-image-623\" srcset=\"https:\/\/laurencebancaud.com\/wp-content\/uploads\/2023\/05\/LivreUS02-1024x726.jpg 1024w, https:\/\/laurencebancaud.com\/wp-content\/uploads\/2023\/05\/LivreUS02-300x213.jpg 300w, https:\/\/laurencebancaud.com\/wp-content\/uploads\/2023\/05\/LivreUS02-768x544.jpg 768w, https:\/\/laurencebancaud.com\/wp-content\/uploads\/2023\/05\/LivreUS02-1536x1088.jpg 1536w, https:\/\/laurencebancaud.com\/wp-content\/uploads\/2023\/05\/LivreUS02-2048x1451.jpg 2048w, https:\/\/laurencebancaud.com\/wp-content\/uploads\/2023\/05\/LivreUS02-18x12.jpg 18w\" sizes=\"(max-width: 1024px) 100vw, 1024px\" \/><figcaption class=\"wp-element-caption\"><strong>Bloomington, Indiana University Press, 2019.<mark style=\"background-color:rgba(0, 0, 0, 0)\" class=\"has-inline-color has-ti-accent-color\"> <\/mark><a rel=\"noreferrer noopener\" href=\"http:\/\/www.lessignesdelarc.org\/?page_id=2680\" data-type=\"URL\" data-id=\"http:\/\/www.lessignesdelarc.org\/?page_id=2680\" target=\"_blank\"><mark style=\"background-color:rgba(0, 0, 0, 0)\" class=\"has-inline-color has-ti-accent-color\">Plus d&rsquo;infos<\/mark><\/a><mark style=\"background-color:rgba(0, 0, 0, 0)\" class=\"has-inline-color has-ti-accent-color\"> <\/mark><\/strong><\/figcaption><\/figure>\n\n\n\n<div style=\"height:60px\" aria-hidden=\"true\" class=\"wp-block-spacer\"><\/div>\n\n\n\n<p class=\"has-x-large-font-size\"><strong>Transmission<\/strong><\/p>\n\n\n\n<p class=\"wp-elements-ec75d88a2cc6865b207f921f5e4dace1 has-link-color has-normal-font-size\"><strong>R\u00e9pertoire<\/strong><br>Travail de recherche de r\u00e9pertoire r\u00e9alis\u00e9 avec V\u00e9ronique Musson-Gonneaud, \u00e0 la demande de la FFEA. Nous avons tenu \u00e0 constituer des listes bien sp\u00e9cifiques \u00e0 la harpe \u00e0 p\u00e9dales et \u00e0 la harpe \u00e0 leviers. Nos recherches ont permis de compl\u00e9ter les banques de donn\u00e9es du site de la FFEA. Les pi\u00e8ces sont class\u00e9es en plusieurs cat\u00e9gories : <br>&gt;r\u00e9pertoires historiques : musique ancienne, classique, romantique<br>&gt;traditionnels (Celte, Europe centrale, Europe du Sud, Am\u00e9rique latine) <br>&gt;inspiration folk, pop, jazz <br>&gt;contemporain <br>&gt;invention <br>Ces 2 listes sont consultables sur le site des signes de l&rsquo;arc :<br><a rel=\"noreferrer noopener\" href=\"http:\/\/www.lessignesdelarc.org\/r%C3%A9servoir%20harpe%20%C3%A0%20leviers.pdf\" data-type=\"URL\" data-id=\"http:\/\/www.lessignesdelarc.org\/r%C3%A9servoir%20harpe%20%C3%A0%20leviers.pdf\" target=\"_blank\">r\u00e9pertoire harpe \u00e0 leviers<\/a><br><a rel=\"noreferrer noopener\" href=\"http:\/\/www.lessignesdelarc.org\/r%C3%A9servoir%20harpe%20%C3%A0%20p%C3%A9dales.pdf\" data-type=\"URL\" data-id=\"http:\/\/www.lessignesdelarc.org\/r%C3%A9servoir%20harpe%20%C3%A0%20p%C3%A9dales.pdf\" target=\"_blank\">r\u00e9pertoire harpe \u00e0 p\u00e9dales<\/a><\/p>\n\n\n\n<p class=\"wp-elements-57c6f84ac5cda798b9423635f5b2a25e has-link-color\"><strong>Arrangements<\/strong><br>Publications de partitions aux \u00e9ditions <a rel=\"noreferrer noopener\" href=\"https:\/\/www.harpebudin.com\/\" data-type=\"URL\" data-id=\"https:\/\/www.harpebudin.com\/\" target=\"_blank\">Harposph\u00e8re <\/a>: <em>Airs populaires russes<\/em> pour ensemble de fl\u00fbtes et harpes, recueils 1 et 2 ; <em>Musique baroque<\/em> pour 3 harpes, <em>Classicisme viennois <\/em>pour 3 harpes, <em>Musique viennoise du XIXe<\/em> pour 3 harpes<\/p>\n\n\n\n<p class=\"wp-elements-1db6768da0cc1e60026f906fa34ac218 has-link-color\"><strong>Commandes<\/strong><br><em><a rel=\"noreferrer noopener\" href=\"https:\/\/www.harpebudin.com\/harposphere-editions\/3327-bensa-olivier-fillion-nathalie-pling-conte-musical.html\" data-type=\"URL\" data-id=\"https:\/\/www.harpebudin.com\/harposphere-editions\/3327-bensa-olivier-fillion-nathalie-pling-conte-musical.html\" target=\"_blank\">Pling<\/a><\/em>, conte musical pour ensemble de harpes, fl\u00fbte et r\u00e9citant. Olivier Bensa, musique ; Nathalie Fillion, texte (commande de l&rsquo;\u00c9cole de Musique de Rungis), \u00e9ditions Harposph\u00e8re<br><em><a rel=\"noreferrer noopener\" href=\"https:\/\/www.laflutedepan.com\/partition\/251283\/aurelie-barbe-la-foret-fantastique-volume-1-2-harpes-partition.html\" data-type=\"URL\" data-id=\"https:\/\/www.laflutedepan.com\/partition\/251283\/aurelie-barbe-la-foret-fantastique-volume-1-2-harpes-partition.html\" target=\"_blank\">La For\u00eat Fantastique<\/a><\/em>, duos et trios pour harpes, volumes 1 et 2. Aur\u00e9lie Barb\u00e9 (commande de l\u2019\u00c9cole de Musique de Rungis), \u00e9ditions Billaudot<br><em><a rel=\"noreferrer noopener\" href=\"https:\/\/www.linstrumentarium.fr\/harpes\/harpe-et-flute\/2271-ton-that-tiet-sept-pas-lotus.html\" data-type=\"URL\" data-id=\"https:\/\/www.linstrumentarium.fr\/harpes\/harpe-et-flute\/2271-ton-that-tiet-sept-pas-lotus.html\" target=\"_blank\">Sept pas lotus<\/a><\/em>, pour fl\u00fbte et harpe. T\u00f4n-Th\u00e2t Ti\u00eat (commande de la MPAA et Ville de Paris\/projet avec H\u00e9l\u00e8ne Breschand), \u00e9ditions Billaudot<br><br>Avec l&rsquo;\u00e9quipe des <a rel=\"noreferrer noopener\" href=\"http:\/\/www.lessignesdelarc.org\/\" data-type=\"URL\" data-id=\"http:\/\/www.lessignesdelarc.org\/\" target=\"_blank\">Signes de l&rsquo;arc<\/a> et du <a rel=\"noreferrer noopener\" href=\"https:\/\/collegium21.com\/\" data-type=\"URL\" data-id=\"https:\/\/collegium21.com\/\" target=\"_blank\">Collegium21<\/a> : pi\u00e8ces pour harpe (harpe \u00e0 leviers et harpe \u00e0 p\u00e9dales) \u00e0 destination des 1er, 2e et 3e cycles des conservatoires. <em>Poly\u00e8dre<\/em>, de Guilherme Carvalho ; <em>Un chat, une licorne\u2026<\/em> de Marie-H\u00e9l\u00e8ne Fournier ; <em>Nuvens<\/em>, d\u2019Aur\u00e9lio Edler-Copes ; <em>7 Miniatures japonaises<\/em>, de Graciane Finzi ; <em>\u00c9l\u00e9phantesque<\/em>, <em>Hector et Sophie<\/em>, d\u2019Arnaud Petit ; <em>Tercets<\/em>, de Gilles Schuehmacher ; <em>Sphinx 1087<\/em>, de Fabien Cali ; <em>Le chat du Cheshire<\/em>, de Laurent Martin ; <em>\u2026 l\u2019espi\u00e8gle<\/em>, de Karl Naegelen ; <em>Eckm\u00fchl<\/em>, de Sylvain Kassap ; <em>C\u00e9lestiel<\/em>, de Florent Caron Darras ; <em>The wind could wait without the gate\u2026<\/em>, de Liao Lin-Ni ; <em>act VIIA<\/em>, de Yumiko Yokoi ; <em>Vocalise III : Solfeggietto<\/em>, d\u2019Alexandre Jamar ; <em>Phare<\/em>, de Michelle Agnes Magalhaes ; <em>Notes d\u2019intentions (3 \u00e9tudes pour l\u2019interpr\u00e9tation)<\/em>, de Beno\u00eet Sitzia ; <em>Les songes de l\u2019Arc, <\/em>de Ivane B\u00e9atrice Bellocq ; <em>Kal\u00e9idoscope<\/em>, de S\u00e9verine Ballon ; <em>Minitrace 8<\/em>, de Martin Matalon ; <em>Ec(h)osyst\u00e8mes<\/em>, de Alexandros Markeas<\/p>\n\n\n\n<p class=\"wp-elements-813ff52e920f8eef40ee10fb23df931d has-link-color\"><strong>Articles<\/strong><br>Dossier sp\u00e9cial Harpe \u00e0 leviers. Newsletter des Signes de l&rsquo;arc : <a rel=\"noreferrer noopener\" href=\"http:\/\/www.lessignesdelarc.org\/Fil11-harpealeviers.ht\" data-type=\"URL\" data-id=\"http:\/\/www.lessignesdelarc.org\/Fil11-harpealeviers.ht\" target=\"_blank\">Le Fil n\u00b011 <\/a><br><em>La harpe \u00e0 leviers vers les territoires du 21e si\u00e8cle<\/em>, dans <a rel=\"noreferrer noopener\" href=\"https:\/\/fr.calameo.com\/read\/005114354ac01332cc31f\" target=\"_blank\">Harpesmags n\u00b040<\/a> <br>Dossier T\u00f4n-Th\u00e2t Ti\u00eat. <a rel=\"noreferrer noopener\" href=\"https:\/\/latraversiere.fr\/boutique\/traversieres-magazine\/traversieres-magazine-n148\/\" data-type=\"URL\" data-id=\"https:\/\/latraversiere.fr\/boutique\/traversieres-magazine\/traversieres-magazine-n148\/\" target=\"_blank\">Traversi\u00e8res magazine n\u00b0148<\/a>.<br>Dossier T\u00f4n-Th\u00e2t Ti\u00eat. <a rel=\"noreferrer noopener\" href=\"https:\/\/laurencebancaud.com\/wp-content\/uploads\/2024\/06\/article-magazine-AIH-en-anglais.pdf\" data-type=\"URL\" data-id=\"https:\/\/laurencebancaud.com\/wp-content\/uploads\/2024\/06\/article-magazine-AIH-n\u00b0612-hiver-2023-2024.pdf\" target=\"_blank\">Magazine de l&rsquo;AIHAH n\u00b061.2 Hiver 2023\/2024<\/a><br>                                         UK Harp Magazine &#8211; Spring 2025<\/p>\n\n\n\n<p><\/p>\n\n\n\n<p><\/p>\n\n\n\n<figure class=\"wp-block-image size-large\"><img decoding=\"async\" loading=\"lazy\" width=\"814\" height=\"1024\" src=\"https:\/\/laurencebancaud.com\/wp-content\/uploads\/2023\/05\/HL-ombres-814x1024.jpg\" alt=\"\" class=\"wp-image-621\" srcset=\"https:\/\/laurencebancaud.com\/wp-content\/uploads\/2023\/05\/HL-ombres-814x1024.jpg 814w, https:\/\/laurencebancaud.com\/wp-content\/uploads\/2023\/05\/HL-ombres-238x300.jpg 238w, https:\/\/laurencebancaud.com\/wp-content\/uploads\/2023\/05\/HL-ombres-768x967.jpg 768w, https:\/\/laurencebancaud.com\/wp-content\/uploads\/2023\/05\/HL-ombres-1220x1536.jpg 1220w, https:\/\/laurencebancaud.com\/wp-content\/uploads\/2023\/05\/HL-ombres-1627x2048.jpg 1627w, https:\/\/laurencebancaud.com\/wp-content\/uploads\/2023\/05\/HL-ombres-10x12.jpg 10w, https:\/\/laurencebancaud.com\/wp-content\/uploads\/2023\/05\/HL-ombres-scaled.jpg 2034w\" sizes=\"(max-width: 814px) 100vw, 814px\" \/><\/figure>","protected":false},"excerpt":{"rendered":"<p>Transmission R\u00e9pertoireTravail de recherche de r\u00e9pertoire r\u00e9alis\u00e9 avec V\u00e9ronique Musson-Gonneaud, \u00e0 la demande de la FFEA. Nous avons tenu \u00e0 constituer des listes bien sp\u00e9cifiques \u00e0 la harpe \u00e0 p\u00e9dales et \u00e0 la harpe \u00e0 leviers. Nos recherches ont permis de compl\u00e9ter les banques de donn\u00e9es du site de la FFEA. Les pi\u00e8ces sont class\u00e9es [&hellip;]<\/p>","protected":false},"author":1,"featured_media":0,"parent":27,"menu_order":0,"comment_status":"closed","ping_status":"closed","template":"","meta":{"_editorskit_title_hidden":false,"_editorskit_reading_time":0,"_editorskit_is_block_options_detached":false,"_editorskit_block_options_position":"{}"},"_links":{"self":[{"href":"https:\/\/laurencebancaud.com\/en\/wp-json\/wp\/v2\/pages\/76"}],"collection":[{"href":"https:\/\/laurencebancaud.com\/en\/wp-json\/wp\/v2\/pages"}],"about":[{"href":"https:\/\/laurencebancaud.com\/en\/wp-json\/wp\/v2\/types\/page"}],"author":[{"embeddable":true,"href":"https:\/\/laurencebancaud.com\/en\/wp-json\/wp\/v2\/users\/1"}],"replies":[{"embeddable":true,"href":"https:\/\/laurencebancaud.com\/en\/wp-json\/wp\/v2\/comments?post=76"}],"version-history":[{"count":17,"href":"https:\/\/laurencebancaud.com\/en\/wp-json\/wp\/v2\/pages\/76\/revisions"}],"predecessor-version":[{"id":926,"href":"https:\/\/laurencebancaud.com\/en\/wp-json\/wp\/v2\/pages\/76\/revisions\/926"}],"up":[{"embeddable":true,"href":"https:\/\/laurencebancaud.com\/en\/wp-json\/wp\/v2\/pages\/27"}],"wp:attachment":[{"href":"https:\/\/laurencebancaud.com\/en\/wp-json\/wp\/v2\/media?parent=76"}],"curies":[{"name":"wp","href":"https:\/\/api.w.org\/{rel}","templated":true}]}}