{"id":74,"date":"2022-12-29T08:44:00","date_gmt":"2022-12-29T08:44:00","guid":{"rendered":"https:\/\/laurencebancaud.com\/?page_id=74"},"modified":"2025-09-01T19:15:49","modified_gmt":"2025-09-01T19:15:49","slug":"multimedia","status":"publish","type":"page","link":"https:\/\/laurencebancaud.com\/en\/harpiste\/multimedia\/","title":{"rendered":"Multimedia"},"content":{"rendered":"<div style=\"height:52px\" aria-hidden=\"true\" class=\"wp-block-spacer\"><\/div>\n\n\n\n<h2>photos<\/h2>\n\n\n\n<div class=\"is-layout-flex wp-container-5 wp-block-columns\">\n<div class=\"is-layout-flow wp-block-column\" style=\"flex-basis:100%\">\n<div class=\"is-layout-constrained wp-block-group\">\n<figure class=\"is-layout-flex wp-block-gallery-1 wp-block-gallery has-nested-images columns-default is-cropped\">\n<figure class=\"wp-block-image size-large\"><a href=\"https:\/\/laurencebancaud.com\/wp-content\/uploads\/2025\/09\/photo.jpg\" target=\"_blank\" rel=\"noopener\"><img decoding=\"async\" loading=\"lazy\" width=\"1024\" height=\"769\" src=\"https:\/\/laurencebancaud.com\/wp-content\/uploads\/2025\/09\/photo-1024x769.jpg\" alt=\"\" class=\"wp-image-907\" srcset=\"https:\/\/laurencebancaud.com\/wp-content\/uploads\/2025\/09\/photo-1024x769.jpg 1024w, https:\/\/laurencebancaud.com\/wp-content\/uploads\/2025\/09\/photo-300x225.jpg 300w, https:\/\/laurencebancaud.com\/wp-content\/uploads\/2025\/09\/photo-768x577.jpg 768w, https:\/\/laurencebancaud.com\/wp-content\/uploads\/2025\/09\/photo-1536x1153.jpg 1536w, https:\/\/laurencebancaud.com\/wp-content\/uploads\/2025\/09\/photo-16x12.jpg 16w, https:\/\/laurencebancaud.com\/wp-content\/uploads\/2025\/09\/photo.jpg 1918w\" sizes=\"(max-width: 1024px) 100vw, 1024px\" \/><\/a><figcaption class=\"wp-element-caption\">duo Horspiste<\/figcaption><\/figure>\n\n\n\n<figure class=\"wp-block-image size-large\"><img decoding=\"async\" loading=\"lazy\" width=\"683\" height=\"1024\" src=\"https:\/\/laurencebancaud.com\/wp-content\/uploads\/2025\/09\/DSC1639-683x1024.jpg\" alt=\"\" class=\"wp-image-897\" srcset=\"https:\/\/laurencebancaud.com\/wp-content\/uploads\/2025\/09\/DSC1639-683x1024.jpg 683w, https:\/\/laurencebancaud.com\/wp-content\/uploads\/2025\/09\/DSC1639-200x300.jpg 200w, https:\/\/laurencebancaud.com\/wp-content\/uploads\/2025\/09\/DSC1639-768x1151.jpg 768w, https:\/\/laurencebancaud.com\/wp-content\/uploads\/2025\/09\/DSC1639-1025x1536.jpg 1025w, https:\/\/laurencebancaud.com\/wp-content\/uploads\/2025\/09\/DSC1639-1367x2048.jpg 1367w, https:\/\/laurencebancaud.com\/wp-content\/uploads\/2025\/09\/DSC1639-8x12.jpg 8w, https:\/\/laurencebancaud.com\/wp-content\/uploads\/2025\/09\/DSC1639-scaled.jpg 1709w\" sizes=\"(max-width: 683px) 100vw, 683px\" \/><\/figure>\n\n\n\n<figure class=\"wp-block-image size-large\"><img decoding=\"async\" loading=\"lazy\" width=\"683\" height=\"1024\" src=\"https:\/\/laurencebancaud.com\/wp-content\/uploads\/2025\/09\/DE1A4690-HDTV-1080-o-683x1024.jpg\" alt=\"\" class=\"wp-image-906\" srcset=\"https:\/\/laurencebancaud.com\/wp-content\/uploads\/2025\/09\/DE1A4690-HDTV-1080-o-683x1024.jpg 683w, https:\/\/laurencebancaud.com\/wp-content\/uploads\/2025\/09\/DE1A4690-HDTV-1080-o-200x300.jpg 200w, https:\/\/laurencebancaud.com\/wp-content\/uploads\/2025\/09\/DE1A4690-HDTV-1080-o-8x12.jpg 8w, https:\/\/laurencebancaud.com\/wp-content\/uploads\/2025\/09\/DE1A4690-HDTV-1080-o.jpg 720w\" sizes=\"(max-width: 683px) 100vw, 683px\" \/><\/figure>\n\n\n\n<figure class=\"wp-block-image size-large\"><a href=\"https:\/\/laurencebancaud.com\/wp-content\/uploads\/2025\/09\/P1140928-scaled.jpg\" target=\"_blank\" rel=\"noopener\"><img decoding=\"async\" loading=\"lazy\" width=\"1024\" height=\"769\" src=\"https:\/\/laurencebancaud.com\/wp-content\/uploads\/2025\/09\/P1140928-1024x769.jpg\" alt=\"\" class=\"wp-image-900\" srcset=\"https:\/\/laurencebancaud.com\/wp-content\/uploads\/2025\/09\/P1140928-1024x769.jpg 1024w, https:\/\/laurencebancaud.com\/wp-content\/uploads\/2025\/09\/P1140928-300x225.jpg 300w, https:\/\/laurencebancaud.com\/wp-content\/uploads\/2025\/09\/P1140928-768x577.jpg 768w, https:\/\/laurencebancaud.com\/wp-content\/uploads\/2025\/09\/P1140928-1536x1153.jpg 1536w, https:\/\/laurencebancaud.com\/wp-content\/uploads\/2025\/09\/P1140928-2048x1538.jpg 2048w, https:\/\/laurencebancaud.com\/wp-content\/uploads\/2025\/09\/P1140928-16x12.jpg 16w\" sizes=\"(max-width: 1024px) 100vw, 1024px\" \/><\/a><figcaption class=\"wp-element-caption\">duo Horspiste<\/figcaption><\/figure>\n\n\n\n<figure class=\"wp-block-image size-large\"><a href=\"https:\/\/laurencebancaud.com\/wp-content\/uploads\/2025\/09\/DSCF3754o.jpg\" target=\"_blank\" rel=\"noopener\"><img decoding=\"async\" loading=\"lazy\" width=\"1024\" height=\"683\" src=\"https:\/\/laurencebancaud.com\/wp-content\/uploads\/2025\/09\/DSCF3754o-1024x683.jpg\" alt=\"\" class=\"wp-image-898\" srcset=\"https:\/\/laurencebancaud.com\/wp-content\/uploads\/2025\/09\/DSCF3754o-1024x683.jpg 1024w, https:\/\/laurencebancaud.com\/wp-content\/uploads\/2025\/09\/DSCF3754o-300x200.jpg 300w, https:\/\/laurencebancaud.com\/wp-content\/uploads\/2025\/09\/DSCF3754o-768x512.jpg 768w, https:\/\/laurencebancaud.com\/wp-content\/uploads\/2025\/09\/DSCF3754o-1536x1024.jpg 1536w, https:\/\/laurencebancaud.com\/wp-content\/uploads\/2025\/09\/DSCF3754o-18x12.jpg 18w, https:\/\/laurencebancaud.com\/wp-content\/uploads\/2025\/09\/DSCF3754o.jpg 1620w\" sizes=\"(max-width: 1024px) 100vw, 1024px\" \/><\/a><\/figure>\n\n\n\n<figure class=\"wp-block-image size-large\"><img decoding=\"async\" loading=\"lazy\" width=\"1024\" height=\"683\" src=\"https:\/\/laurencebancaud.com\/wp-content\/uploads\/2025\/09\/LSDLA02-1-1024x683.jpg\" alt=\"\" class=\"wp-image-893\" srcset=\"https:\/\/laurencebancaud.com\/wp-content\/uploads\/2025\/09\/LSDLA02-1-1024x683.jpg 1024w, https:\/\/laurencebancaud.com\/wp-content\/uploads\/2025\/09\/LSDLA02-1-300x200.jpg 300w, https:\/\/laurencebancaud.com\/wp-content\/uploads\/2025\/09\/LSDLA02-1-768x512.jpg 768w, https:\/\/laurencebancaud.com\/wp-content\/uploads\/2025\/09\/LSDLA02-1-1536x1024.jpg 1536w, https:\/\/laurencebancaud.com\/wp-content\/uploads\/2025\/09\/LSDLA02-1-18x12.jpg 18w, https:\/\/laurencebancaud.com\/wp-content\/uploads\/2025\/09\/LSDLA02-1.jpg 1600w\" sizes=\"(max-width: 1024px) 100vw, 1024px\" \/><figcaption class=\"wp-element-caption\">Les signes de l&rsquo;arc<\/figcaption><\/figure>\n\n\n\n<figure class=\"wp-block-image size-large\"><img decoding=\"async\" loading=\"lazy\" width=\"1024\" height=\"683\" src=\"https:\/\/laurencebancaud.com\/wp-content\/uploads\/2023\/01\/photo-of-the-authors-1024x683.jpg\" alt=\"\" class=\"wp-image-458\" srcset=\"https:\/\/laurencebancaud.com\/wp-content\/uploads\/2023\/01\/photo-of-the-authors-1024x683.jpg 1024w, https:\/\/laurencebancaud.com\/wp-content\/uploads\/2023\/01\/photo-of-the-authors-300x200.jpg 300w, https:\/\/laurencebancaud.com\/wp-content\/uploads\/2023\/01\/photo-of-the-authors-768x512.jpg 768w, https:\/\/laurencebancaud.com\/wp-content\/uploads\/2023\/01\/photo-of-the-authors-18x12.jpg 18w, https:\/\/laurencebancaud.com\/wp-content\/uploads\/2023\/01\/photo-of-the-authors.jpg 1152w\" sizes=\"(max-width: 1024px) 100vw, 1024px\" \/><figcaption class=\"wp-element-caption\">Les signes de l&rsquo;arc<\/figcaption><\/figure>\n\n\n\n<figure class=\"wp-block-image size-large\"><a href=\"https:\/\/laurencebancaud.com\/wp-content\/uploads\/2025\/09\/\u00a9Marin-Bouanchaud-scaled.jpg\" target=\"_blank\" rel=\"noopener\"><img decoding=\"async\" loading=\"lazy\" width=\"768\" height=\"1024\" src=\"https:\/\/laurencebancaud.com\/wp-content\/uploads\/2025\/09\/\u00a9Marin-Bouanchaud-768x1024.jpg\" alt=\"\" class=\"wp-image-895\" srcset=\"https:\/\/laurencebancaud.com\/wp-content\/uploads\/2025\/09\/\u00a9Marin-Bouanchaud-768x1024.jpg 768w, https:\/\/laurencebancaud.com\/wp-content\/uploads\/2025\/09\/\u00a9Marin-Bouanchaud-225x300.jpg 225w, https:\/\/laurencebancaud.com\/wp-content\/uploads\/2025\/09\/\u00a9Marin-Bouanchaud-1152x1536.jpg 1152w, https:\/\/laurencebancaud.com\/wp-content\/uploads\/2025\/09\/\u00a9Marin-Bouanchaud-1536x2048.jpg 1536w, https:\/\/laurencebancaud.com\/wp-content\/uploads\/2025\/09\/\u00a9Marin-Bouanchaud-9x12.jpg 9w, https:\/\/laurencebancaud.com\/wp-content\/uploads\/2025\/09\/\u00a9Marin-Bouanchaud-scaled.jpg 1921w\" sizes=\"(max-width: 768px) 100vw, 768px\" \/><\/a><\/figure>\n\n\n\n<figure class=\"wp-block-image size-large\"><a href=\"https:\/\/laurencebancaud.com\/wp-content\/uploads\/2025\/09\/c-Elina-Brotherus-2025_Trio-harpe_B0020570_sRGB-300dpi-30cm-1-scaled.jpg\" target=\"_blank\" rel=\"noopener\"><img decoding=\"async\" loading=\"lazy\" width=\"768\" height=\"1024\" src=\"https:\/\/laurencebancaud.com\/wp-content\/uploads\/2025\/09\/c-Elina-Brotherus-2025_Trio-harpe_B0020570_sRGB-300dpi-30cm-1-768x1024.jpg\" alt=\"\" class=\"wp-image-910\" srcset=\"https:\/\/laurencebancaud.com\/wp-content\/uploads\/2025\/09\/c-Elina-Brotherus-2025_Trio-harpe_B0020570_sRGB-300dpi-30cm-1-768x1024.jpg 768w, https:\/\/laurencebancaud.com\/wp-content\/uploads\/2025\/09\/c-Elina-Brotherus-2025_Trio-harpe_B0020570_sRGB-300dpi-30cm-1-225x300.jpg 225w, https:\/\/laurencebancaud.com\/wp-content\/uploads\/2025\/09\/c-Elina-Brotherus-2025_Trio-harpe_B0020570_sRGB-300dpi-30cm-1-1152x1536.jpg 1152w, https:\/\/laurencebancaud.com\/wp-content\/uploads\/2025\/09\/c-Elina-Brotherus-2025_Trio-harpe_B0020570_sRGB-300dpi-30cm-1-1536x2048.jpg 1536w, https:\/\/laurencebancaud.com\/wp-content\/uploads\/2025\/09\/c-Elina-Brotherus-2025_Trio-harpe_B0020570_sRGB-300dpi-30cm-1-9x12.jpg 9w, https:\/\/laurencebancaud.com\/wp-content\/uploads\/2025\/09\/c-Elina-Brotherus-2025_Trio-harpe_B0020570_sRGB-300dpi-30cm-1-scaled.jpg 1920w\" sizes=\"(max-width: 768px) 100vw, 768px\" \/><\/a><figcaption class=\"wp-element-caption\">Trio Magadis<\/figcaption><\/figure>\n<\/figure>\n<\/div>\n<\/div>\n<\/div>\n\n\n\n<h2>vid\u00e9os<\/h2>\n\n\n\n<div class=\"is-layout-flex wp-container-8 wp-block-columns\">\n<div class=\"is-layout-flow wp-block-column\">\n<figure class=\"wp-block-embed is-type-video is-provider-youtube wp-block-embed-youtube wp-embed-aspect-16-9 wp-has-aspect-ratio\"><div class=\"wp-block-embed__wrapper\">\n<iframe loading=\"lazy\" title=\"Partons \u00e0 l&#039;aventure !\" width=\"500\" height=\"281\" src=\"https:\/\/www.youtube.com\/embed\/SBjGI1tCJXU?feature=oembed\" frameborder=\"0\" allow=\"accelerometer; autoplay; clipboard-write; encrypted-media; gyroscope; picture-in-picture; web-share\" referrerpolicy=\"strict-origin-when-cross-origin\" allowfullscreen><\/iframe>\n<\/div><\/figure>\n\n\n\n<figure class=\"wp-block-embed is-type-video is-provider-youtube wp-block-embed-youtube wp-embed-aspect-16-9 wp-has-aspect-ratio\"><div class=\"wp-block-embed__wrapper\">\n<iframe loading=\"lazy\" title=\"CARVALHO Guilherme, D\u00e9placements-Remplacements - Laurence Bancaud (harpe)\" width=\"500\" height=\"281\" src=\"https:\/\/www.youtube.com\/embed\/mt356-VIosU?feature=oembed\" frameborder=\"0\" allow=\"accelerometer; autoplay; clipboard-write; encrypted-media; gyroscope; picture-in-picture; web-share\" referrerpolicy=\"strict-origin-when-cross-origin\" allowfullscreen><\/iframe>\n<\/div><\/figure>\n\n\n\n<figure class=\"wp-block-embed is-type-video is-provider-youtube wp-block-embed-youtube wp-embed-aspect-16-9 wp-has-aspect-ratio\"><div class=\"wp-block-embed__wrapper\">\n<iframe loading=\"lazy\" title=\"TON THAT TIET - FORET DE GARGILESSE - Hommage \u00e0 PIERRE JAMET - HEA - 12\/03\/2022 - 3\u00e8me partie\" width=\"500\" height=\"281\" src=\"https:\/\/www.youtube.com\/embed\/PurNMJio2RA?feature=oembed\" frameborder=\"0\" allow=\"accelerometer; autoplay; clipboard-write; encrypted-media; gyroscope; picture-in-picture; web-share\" referrerpolicy=\"strict-origin-when-cross-origin\" allowfullscreen><\/iframe>\n<\/div><\/figure>\n<\/div>\n\n\n\n<div class=\"is-layout-flow wp-block-column\">\n<figure class=\"wp-block-embed is-type-video is-provider-youtube wp-block-embed-youtube wp-embed-aspect-16-9 wp-has-aspect-ratio\"><div class=\"wp-block-embed__wrapper\">\n<iframe loading=\"lazy\" title=\"LIAO Lin-Ni, The Wind could wait without the Gate... - Laurence Bancaud (lever harp)\" width=\"500\" height=\"281\" src=\"https:\/\/www.youtube.com\/embed\/dP5euVIpekg?feature=oembed\" frameborder=\"0\" allow=\"accelerometer; autoplay; clipboard-write; encrypted-media; gyroscope; picture-in-picture; web-share\" referrerpolicy=\"strict-origin-when-cross-origin\" allowfullscreen><\/iframe>\n<\/div><\/figure>\n\n\n\n<figure class=\"wp-block-embed is-type-video is-provider-youtube wp-block-embed-youtube wp-embed-aspect-16-9 wp-has-aspect-ratio\"><div class=\"wp-block-embed__wrapper\">\n<iframe loading=\"lazy\" title=\"Hoang Dzi\u00eap \/ TON-THAT Ti\u00eat \/ 2012\" width=\"500\" height=\"281\" src=\"https:\/\/www.youtube.com\/embed\/3GmonpktMbA?feature=oembed\" frameborder=\"0\" allow=\"accelerometer; autoplay; clipboard-write; encrypted-media; gyroscope; picture-in-picture; web-share\" referrerpolicy=\"strict-origin-when-cross-origin\" allowfullscreen><\/iframe>\n<\/div><\/figure>\n<\/div>\n<\/div>\n\n\n\n<p><\/p>\n\n\n\n<div class=\"is-layout-flex wp-block-buttons\">\n<div class=\"wp-block-button\"><a class=\"wp-block-button__link wp-element-button\" href=\"https:\/\/www.arte.tv\/fr\/videos\/073256-002-A\/okanagon-de-giacinto-scelsi\/\" target=\"_blank\" rel=\"noreferrer noopener\">Okanagon\/Giacinto Scelsi sur ARTE<\/a><\/div>\n<\/div>\n\n\n\n<div style=\"height:28px\" aria-hidden=\"true\" class=\"wp-block-spacer\"><\/div>\n\n\n\n<h2>documentaires<\/h2>\n\n\n\n<div class=\"is-layout-flex wp-container-12 wp-block-columns\">\n<div class=\"is-layout-flow wp-block-column\">\n<figure class=\"wp-block-embed is-type-video is-provider-youtube wp-block-embed-youtube wp-embed-aspect-16-9 wp-has-aspect-ratio\"><div class=\"wp-block-embed__wrapper\">\n<iframe loading=\"lazy\" title=\"T\u00f4n-Th\u00e2t Ti\u00eat ... et  coule la rivi\u00e8re...\" width=\"500\" height=\"281\" src=\"https:\/\/www.youtube.com\/embed\/DpQo7I0JApk?feature=oembed\" frameborder=\"0\" allow=\"accelerometer; autoplay; clipboard-write; encrypted-media; gyroscope; picture-in-picture; web-share\" referrerpolicy=\"strict-origin-when-cross-origin\" allowfullscreen><\/iframe>\n<\/div><\/figure>\n<\/div>\n\n\n\n<div class=\"is-layout-flow wp-block-column\">\n<figure class=\"wp-block-embed is-type-video is-provider-youtube wp-block-embed-youtube wp-embed-aspect-16-9 wp-has-aspect-ratio\"><div class=\"wp-block-embed__wrapper\">\n<iframe loading=\"lazy\" title=\"\u00ab Une \u00e9motion \u00e0 transmettre \u00bb de Laurence Bancaud \u2013 Festival Aspects des Musiques d\u2019Aujourd\u2019hui 2021\" width=\"500\" height=\"281\" src=\"https:\/\/www.youtube.com\/embed\/8uWpf-92q84?feature=oembed\" frameborder=\"0\" allow=\"accelerometer; autoplay; clipboard-write; encrypted-media; gyroscope; picture-in-picture; web-share\" referrerpolicy=\"strict-origin-when-cross-origin\" allowfullscreen><\/iframe>\n<\/div><\/figure>\n<\/div>\n<\/div>","protected":false},"excerpt":{"rendered":"<p>photos vid\u00e9os documentaires<\/p>","protected":false},"author":1,"featured_media":0,"parent":27,"menu_order":0,"comment_status":"closed","ping_status":"closed","template":"","meta":{"_editorskit_title_hidden":false,"_editorskit_reading_time":0,"_editorskit_is_block_options_detached":false,"_editorskit_block_options_position":"{}"},"_links":{"self":[{"href":"https:\/\/laurencebancaud.com\/en\/wp-json\/wp\/v2\/pages\/74"}],"collection":[{"href":"https:\/\/laurencebancaud.com\/en\/wp-json\/wp\/v2\/pages"}],"about":[{"href":"https:\/\/laurencebancaud.com\/en\/wp-json\/wp\/v2\/types\/page"}],"author":[{"embeddable":true,"href":"https:\/\/laurencebancaud.com\/en\/wp-json\/wp\/v2\/users\/1"}],"replies":[{"embeddable":true,"href":"https:\/\/laurencebancaud.com\/en\/wp-json\/wp\/v2\/comments?post=74"}],"version-history":[{"count":15,"href":"https:\/\/laurencebancaud.com\/en\/wp-json\/wp\/v2\/pages\/74\/revisions"}],"predecessor-version":[{"id":924,"href":"https:\/\/laurencebancaud.com\/en\/wp-json\/wp\/v2\/pages\/74\/revisions\/924"}],"up":[{"embeddable":true,"href":"https:\/\/laurencebancaud.com\/en\/wp-json\/wp\/v2\/pages\/27"}],"wp:attachment":[{"href":"https:\/\/laurencebancaud.com\/en\/wp-json\/wp\/v2\/media?parent=74"}],"curies":[{"name":"wp","href":"https:\/\/api.w.org\/{rel}","templated":true}]}}