{"id":735,"date":"2024-06-02T17:22:43","date_gmt":"2024-06-02T17:22:43","guid":{"rendered":"https:\/\/laurencebancaud.com\/?page_id=735"},"modified":"2025-11-02T12:57:29","modified_gmt":"2025-11-02T12:57:29","slug":"gestes-et-fascinations","status":"publish","type":"page","link":"https:\/\/laurencebancaud.com\/en\/harpiste\/biographie\/gestes-et-fascinations\/","title":{"rendered":"Trio Magadis"},"content":{"rendered":"<figure class=\"wp-block-image size-large\"><img decoding=\"async\" loading=\"lazy\" width=\"768\" height=\"1024\" src=\"https:\/\/laurencebancaud.com\/wp-content\/uploads\/2025\/09\/c-Elina-Brotherus-2025_Trio-harpe_B0020570_sRGB-300dpi-30cm-1-768x1024.jpg\" alt=\"\" class=\"wp-image-910\" srcset=\"https:\/\/laurencebancaud.com\/wp-content\/uploads\/2025\/09\/c-Elina-Brotherus-2025_Trio-harpe_B0020570_sRGB-300dpi-30cm-1-768x1024.jpg 768w, https:\/\/laurencebancaud.com\/wp-content\/uploads\/2025\/09\/c-Elina-Brotherus-2025_Trio-harpe_B0020570_sRGB-300dpi-30cm-1-225x300.jpg 225w, https:\/\/laurencebancaud.com\/wp-content\/uploads\/2025\/09\/c-Elina-Brotherus-2025_Trio-harpe_B0020570_sRGB-300dpi-30cm-1-1152x1536.jpg 1152w, https:\/\/laurencebancaud.com\/wp-content\/uploads\/2025\/09\/c-Elina-Brotherus-2025_Trio-harpe_B0020570_sRGB-300dpi-30cm-1-1536x2048.jpg 1536w, https:\/\/laurencebancaud.com\/wp-content\/uploads\/2025\/09\/c-Elina-Brotherus-2025_Trio-harpe_B0020570_sRGB-300dpi-30cm-1-9x12.jpg 9w, https:\/\/laurencebancaud.com\/wp-content\/uploads\/2025\/09\/c-Elina-Brotherus-2025_Trio-harpe_B0020570_sRGB-300dpi-30cm-1-scaled.jpg 1920w\" sizes=\"(max-width: 768px) 100vw, 768px\" \/><figcaption class=\"wp-element-caption\">photo Elina Brotherus<\/figcaption><\/figure>\n\n\n\n<p class=\"wp-elements-3ba43c7518a91a652419db2ef115cacd has-link-color\"><a href=\"https:\/\/triomagadis.org\/trio-magadis\/\" class=\"ek-link\">Trio Magadis<\/a> &#8211; pr\u00e9sentation g\u00e9n\u00e9rale<\/p>\n\n\n\n<p>Programme \u00ab\u00a0Gestes et Fascinations\u00a0\u00bb :<br>Avec un programme dont les sources d\u2019inspiration vont chercher jusqu\u2019\u00e0 l\u2019Extr\u00eame Orient, les trois harpistes <strong>Fr\u00e9d\u00e9rique Cambreling, Laurence Bancaud et Elodie Reibaud<\/strong> proposent un moment musical qui met en lumi\u00e8re des aspects inattendus de la harpe, \u00e0 la fois fascinante, hypnotique, rythmique et percussive. D\u00e9doubl\u00e9 ou multipli\u00e9 par le nombre de 3, le jeu de cet instrument devient un espace sonore multidimensionnel, un terrain de jeux de sonorit\u00e9s et de gestes circulant d\u2019une interpr\u00e8te \u00e0 l\u2019autre et se faisant \u00e9cho.<\/p>\n\n\n\n<p>Ce concert est pens\u00e9 comme une chor\u00e9graphie sonore, rythm\u00e9e par moment de petites percussions, d\u2019interventions vocales, o\u00f9 appara\u00eet furtivement une cithare vietnamienne, lointaine parente de la harpe, et donnera \u00e0 entendre des \u0153uvres pour harpe solo, deux harpes et trois harpes.<\/p>\n\n\n\n<p>R\u00e9pertoire : Erik Satie, Claude Debussy, T\u00f4n-Th\u00e2t Ti\u00eat, Toshio Hosokawa, Lou Harrison, Caroline Lizotte, H\u00e9l\u00e8ne Breschand, Vincent Carinola, Garth Knox, Gy\u00f6rgy Ligeti&#8230;<\/p>\n\n\n\n<figure class=\"wp-block-embed is-type-video is-provider-youtube wp-block-embed-youtube wp-embed-aspect-16-9 wp-has-aspect-ratio\"><div class=\"wp-block-embed__wrapper\">\n<iframe loading=\"lazy\" title=\"Teaser &quot;Gestes et Fascinations&quot;\" width=\"500\" height=\"281\" src=\"https:\/\/www.youtube.com\/embed\/KbyHvAUj1FY?feature=oembed\" frameborder=\"0\" allow=\"accelerometer; autoplay; clipboard-write; encrypted-media; gyroscope; picture-in-picture; web-share\" referrerpolicy=\"strict-origin-when-cross-origin\" allowfullscreen><\/iframe>\n<\/div><\/figure>\n\n\n\n<p class=\"wp-elements-51d0ddb49f509e20ce31e3eb2fe3c173 has-link-color\"><a type=\"URL\" id=\"https:\/\/laurencebancaud.com\/wp-content\/uploads\/2024\/06\/Gestes-et-fascinations.pdf\" href=\"https:\/\/laurencebancaud.com\/wp-content\/uploads\/2024\/06\/Gestes-et-fascinations.pdf\" target=\"_blank\" rel=\"noreferrer noopener\" class=\"ek-link\">dossier Gestes et fascinations &#8211; pr\u00e9sentation<\/a><\/p>\n\n\n\n<figure class=\"wp-block-image size-large\"><img decoding=\"async\" loading=\"lazy\" width=\"1024\" height=\"768\" src=\"https:\/\/laurencebancaud.com\/wp-content\/uploads\/2024\/06\/IMG_001293-min-1024x768.jpg\" alt=\"\" class=\"wp-image-746\" srcset=\"https:\/\/laurencebancaud.com\/wp-content\/uploads\/2024\/06\/IMG_001293-min-1024x768.jpg 1024w, https:\/\/laurencebancaud.com\/wp-content\/uploads\/2024\/06\/IMG_001293-min-300x225.jpg 300w, https:\/\/laurencebancaud.com\/wp-content\/uploads\/2024\/06\/IMG_001293-min-768x576.jpg 768w, https:\/\/laurencebancaud.com\/wp-content\/uploads\/2024\/06\/IMG_001293-min-1536x1152.jpg 1536w, https:\/\/laurencebancaud.com\/wp-content\/uploads\/2024\/06\/IMG_001293-min-2048x1536.jpg 2048w, https:\/\/laurencebancaud.com\/wp-content\/uploads\/2024\/06\/IMG_001293-min-16x12.jpg 16w\" sizes=\"(max-width: 1024px) 100vw, 1024px\" \/><\/figure>\n\n\n\n<figure class=\"wp-block-image size-large\"><img decoding=\"async\" loading=\"lazy\" width=\"768\" height=\"1024\" src=\"https:\/\/laurencebancaud.com\/wp-content\/uploads\/2024\/06\/IMG_001383-min-768x1024.jpg\" alt=\"\" class=\"wp-image-747\" srcset=\"https:\/\/laurencebancaud.com\/wp-content\/uploads\/2024\/06\/IMG_001383-min-768x1024.jpg 768w, https:\/\/laurencebancaud.com\/wp-content\/uploads\/2024\/06\/IMG_001383-min-225x300.jpg 225w, https:\/\/laurencebancaud.com\/wp-content\/uploads\/2024\/06\/IMG_001383-min-1152x1536.jpg 1152w, https:\/\/laurencebancaud.com\/wp-content\/uploads\/2024\/06\/IMG_001383-min-1536x2048.jpg 1536w, https:\/\/laurencebancaud.com\/wp-content\/uploads\/2024\/06\/IMG_001383-min-9x12.jpg 9w, https:\/\/laurencebancaud.com\/wp-content\/uploads\/2024\/06\/IMG_001383-min-scaled.jpg 1920w\" sizes=\"(max-width: 768px) 100vw, 768px\" \/><\/figure>","protected":false},"excerpt":{"rendered":"<p>Trio Magadis &#8211; pr\u00e9sentation g\u00e9n\u00e9rale Programme \u00ab\u00a0Gestes et Fascinations\u00a0\u00bb :Avec un programme dont les sources d\u2019inspiration vont chercher jusqu\u2019\u00e0 l\u2019Extr\u00eame Orient, les trois harpistes Fr\u00e9d\u00e9rique Cambreling, Laurence Bancaud et Elodie Reibaud proposent un moment musical qui met en lumi\u00e8re des aspects inattendus de la harpe, \u00e0 la fois fascinante, hypnotique, rythmique et percussive. D\u00e9doubl\u00e9 ou [&hellip;]<\/p>","protected":false},"author":1,"featured_media":0,"parent":72,"menu_order":0,"comment_status":"closed","ping_status":"closed","template":"","meta":{"_editorskit_title_hidden":false,"_editorskit_reading_time":0,"_editorskit_is_block_options_detached":false,"_editorskit_block_options_position":"{}"},"_links":{"self":[{"href":"https:\/\/laurencebancaud.com\/en\/wp-json\/wp\/v2\/pages\/735"}],"collection":[{"href":"https:\/\/laurencebancaud.com\/en\/wp-json\/wp\/v2\/pages"}],"about":[{"href":"https:\/\/laurencebancaud.com\/en\/wp-json\/wp\/v2\/types\/page"}],"author":[{"embeddable":true,"href":"https:\/\/laurencebancaud.com\/en\/wp-json\/wp\/v2\/users\/1"}],"replies":[{"embeddable":true,"href":"https:\/\/laurencebancaud.com\/en\/wp-json\/wp\/v2\/comments?post=735"}],"version-history":[{"count":9,"href":"https:\/\/laurencebancaud.com\/en\/wp-json\/wp\/v2\/pages\/735\/revisions"}],"predecessor-version":[{"id":933,"href":"https:\/\/laurencebancaud.com\/en\/wp-json\/wp\/v2\/pages\/735\/revisions\/933"}],"up":[{"embeddable":true,"href":"https:\/\/laurencebancaud.com\/en\/wp-json\/wp\/v2\/pages\/72"}],"wp:attachment":[{"href":"https:\/\/laurencebancaud.com\/en\/wp-json\/wp\/v2\/media?parent=735"}],"curies":[{"name":"wp","href":"https:\/\/api.w.org\/{rel}","templated":true}]}}