{"id":72,"date":"2022-12-29T08:42:35","date_gmt":"2022-12-29T08:42:35","guid":{"rendered":"https:\/\/laurencebancaud.com\/?page_id=72"},"modified":"2025-11-02T12:51:32","modified_gmt":"2025-11-02T12:51:32","slug":"biographie","status":"publish","type":"page","link":"https:\/\/laurencebancaud.com\/en\/harpiste\/biographie\/","title":{"rendered":"Biography"},"content":{"rendered":"<figure class=\"wp-block-image size-large\"><img decoding=\"async\" loading=\"lazy\" width=\"768\" height=\"1024\" src=\"https:\/\/laurencebancaud.com\/wp-content\/uploads\/2025\/09\/c-Elina-Brotherus-2025_Laurence-Bancaud_B0020501_sRGB-300dpi-30cm-768x1024.jpg\" alt=\"\" class=\"wp-image-894\" srcset=\"https:\/\/laurencebancaud.com\/wp-content\/uploads\/2025\/09\/c-Elina-Brotherus-2025_Laurence-Bancaud_B0020501_sRGB-300dpi-30cm-768x1024.jpg 768w, https:\/\/laurencebancaud.com\/wp-content\/uploads\/2025\/09\/c-Elina-Brotherus-2025_Laurence-Bancaud_B0020501_sRGB-300dpi-30cm-225x300.jpg 225w, https:\/\/laurencebancaud.com\/wp-content\/uploads\/2025\/09\/c-Elina-Brotherus-2025_Laurence-Bancaud_B0020501_sRGB-300dpi-30cm-1152x1536.jpg 1152w, https:\/\/laurencebancaud.com\/wp-content\/uploads\/2025\/09\/c-Elina-Brotherus-2025_Laurence-Bancaud_B0020501_sRGB-300dpi-30cm-1536x2048.jpg 1536w, https:\/\/laurencebancaud.com\/wp-content\/uploads\/2025\/09\/c-Elina-Brotherus-2025_Laurence-Bancaud_B0020501_sRGB-300dpi-30cm-9x12.jpg 9w, https:\/\/laurencebancaud.com\/wp-content\/uploads\/2025\/09\/c-Elina-Brotherus-2025_Laurence-Bancaud_B0020501_sRGB-300dpi-30cm-scaled.jpg 1920w\" sizes=\"(max-width: 768px) 100vw, 768px\" \/><\/figure>\n\n\n\n<p>Laurence Bancaud obtient un Premier Prix de Harpe au Conservatoire National Sup\u00e9rieur de Musique de Paris en 1993 ainsi qu&rsquo;un Master de Musicologie \u00e0 l&rsquo;Universit\u00e9 de Tours.<\/p>\n\n\n\n<p class=\"wp-elements-850f7a5ea2fa2546b91b1c9ddcd7d041 has-link-color\">Privil\u00e9giant la musique de chambre, elle se produit dans diverses formations, notamment en duo fl\u00fbte et harpe (Duo Horspiste avec Carine Honorat), trio de harpes (<a href=\"https:\/\/triomagadis.org\/trio-magadis\/\" class=\"ek-link\">Trio Magadis<\/a> avec Elodie Reibaud et Fr\u00e9d\u00e9rique Cambreling) et duo hautbois et harpe (avec Val\u00e9rie Liebenguth). <br>Particuli\u00e8rement engag\u00e9e dans la musique d\u2019aujourd\u2019hui et la cr\u00e9ation, elle est Pr\u00e9sidente de l\u2019association <em><a href=\"http:\/\/www.lessignesdelarc.org\/\" data-type=\"URL\" data-id=\"http:\/\/www.lessignesdelarc.org\/\">Les Signes de l\u2019Arc<\/a>\u00a0 \u00ab\u00a0Harpe en mouvement \u2013 cr\u00e9ations et exp\u00e9rimentations\u00a0\u00bb <\/em>which she co-founded in 2011. She is also co-artistic director of <a href=\"https:\/\/collegium21.com\/\">Collegium21<\/a>. Auteure du livre paru aux \u00e9ditions Cig\u2019art en 2010, <em>.<\/em>. <em>La harpe aux XX\u00e8me et XXI\u00e8me si\u00e8cles <\/em>. <em>.<\/em> .<em>.<\/em><\/p>\n\n\n\n<p>In 2020 she directed the documentary <em>T\u00f4n-Th\u00e2t Ti\u00eat\u2026 et coule la rivi\u00e8re<\/em>\u2026 (production Les signes de l\u2019arc), and in 2021 <em>Une \u00e9motion \u00e0 transmettre<\/em> (production Conservatoire &amp; Orchestre de Caen).<\/p>\n\n\n\n<p>Finally, she has a passion for Asia, and plays the Dan tranh, the Vietnamese zither.<\/p>\n\n\n\n<p>Nomm\u00e9e Professeure d\u2019Enseignement Artistique de la Fonction Publique en 2000, elle enseigne au Conservatoire Municipal du 17\u00e8me arrondissement de Paris.<\/p>\n\n\n\n<h2>Voir aussi&#8230;<\/h2>\n\n\n\n<div class=\"is-layout-flex wp-block-buttons\">\n<div class=\"wp-block-button\"><a class=\"wp-block-button__link wp-element-button\" href=\"https:\/\/laurencebancaud.com\/en\/harpiste\/biographie\/biographie-longue\/\">long biography<\/a><\/div>\n\n\n\n<div class=\"wp-block-button\"><a class=\"wp-block-button__link wp-element-button\" href=\"https:\/\/laurencebancaud.com\/en\/harpiste\/biographie\/horspiste\/\">Duo Horspiste<\/a><\/div>\n\n\n\n<div class=\"wp-block-button\"><a class=\"wp-block-button__link wp-element-button\" href=\"https:\/\/laurencebancaud.com\/en\/harpiste\/biographie\/gestes-et-fascinations\/\">Trio Magadis<\/a><\/div>\n<\/div>\n\n\n\n<div class=\"is-layout-flex wp-block-buttons\">\n<div class=\"wp-block-button\"><a class=\"wp-block-button__link wp-element-button\" href=\"https:\/\/laurencebancaud.com\/en\/harpiste\/biographie\/duo-hautbois-et-harpe\/\">Duo hautbois et harpe<\/a><\/div>\n<\/div>","protected":false},"excerpt":{"rendered":"<p>Laurence Bancaud obtient un Premier Prix de Harpe au Conservatoire National Sup\u00e9rieur de Musique de Paris en 1993 ainsi qu&rsquo;un Master de Musicologie \u00e0 l&rsquo;Universit\u00e9 de Tours. Privil\u00e9giant la musique de chambre, elle se produit dans diverses formations, notamment en duo fl\u00fbte et harpe (Duo Horspiste avec Carine Honorat), trio de harpes (Trio Magadis avec [&hellip;]<\/p>","protected":false},"author":1,"featured_media":0,"parent":27,"menu_order":0,"comment_status":"closed","ping_status":"closed","template":"","meta":{"_editorskit_title_hidden":false,"_editorskit_reading_time":0,"_editorskit_is_block_options_detached":false,"_editorskit_block_options_position":"{}"},"_links":{"self":[{"href":"https:\/\/laurencebancaud.com\/en\/wp-json\/wp\/v2\/pages\/72"}],"collection":[{"href":"https:\/\/laurencebancaud.com\/en\/wp-json\/wp\/v2\/pages"}],"about":[{"href":"https:\/\/laurencebancaud.com\/en\/wp-json\/wp\/v2\/types\/page"}],"author":[{"embeddable":true,"href":"https:\/\/laurencebancaud.com\/en\/wp-json\/wp\/v2\/users\/1"}],"replies":[{"embeddable":true,"href":"https:\/\/laurencebancaud.com\/en\/wp-json\/wp\/v2\/comments?post=72"}],"version-history":[{"count":22,"href":"https:\/\/laurencebancaud.com\/en\/wp-json\/wp\/v2\/pages\/72\/revisions"}],"predecessor-version":[{"id":931,"href":"https:\/\/laurencebancaud.com\/en\/wp-json\/wp\/v2\/pages\/72\/revisions\/931"}],"up":[{"embeddable":true,"href":"https:\/\/laurencebancaud.com\/en\/wp-json\/wp\/v2\/pages\/27"}],"wp:attachment":[{"href":"https:\/\/laurencebancaud.com\/en\/wp-json\/wp\/v2\/media?parent=72"}],"curies":[{"name":"wp","href":"https:\/\/api.w.org\/{rel}","templated":true}]}}