{"id":29,"date":"2022-12-28T18:55:30","date_gmt":"2022-12-28T18:55:30","guid":{"rendered":"https:\/\/laurencebancaud.com\/?page_id=29"},"modified":"2023-01-29T21:57:08","modified_gmt":"2023-01-29T21:57:08","slug":"ton-that-tiet","status":"publish","type":"page","link":"https:\/\/laurencebancaud.com\/en\/ton-that-tiet\/","title":{"rendered":"T\u00f4n-Th\u00e2t Ti\u00eat \u2013 resources"},"content":{"rendered":"<nav class=\"is-layout-flex is-responsive wp-block-navigation\" aria-label=\"Navigation-ton-that-tiet\"><button aria-haspopup=\"true\" aria-label=\"Open menu\" class=\"wp-block-navigation__responsive-container-open\" data-micromodal-trigger=\"modal-1\"><svg width=\"24\" height=\"24\" xmlns=\"http:\/\/www.w3.org\/2000\/svg\" viewbox=\"0 0 24 24\" aria-hidden=\"true\" focusable=\"false\"><rect x=\"4\" y=\"7.5\" width=\"16\" height=\"1.5\" \/><rect x=\"4\" y=\"15\" width=\"16\" height=\"1.5\" \/><\/svg><\/button>\n\t\t\t<div class=\"wp-block-navigation__responsive-container\" style=\"\" id=\"modal-1\">\n\t\t\t\t<div class=\"wp-block-navigation__responsive-close\" tabindex=\"-1\" data-micromodal-close>\n\t\t\t\t\t<div class=\"wp-block-navigation__responsive-dialog\" aria-label=\"Menu\">\n\t\t\t\t\t\t\t<button aria-label=\"Close menu\" data-micromodal-close class=\"wp-block-navigation__responsive-container-close\"><svg xmlns=\"http:\/\/www.w3.org\/2000\/svg\" viewbox=\"0 0 24 24\" width=\"24\" height=\"24\" aria-hidden=\"true\" focusable=\"false\"><path d=\"M13 11.8l6.1-6.3-1-1-6.1 6.2-6.1-6.2-1 1 6.1 6.3-6.5 6.7 1 1 6.5-6.6 6.5 6.6 1-1z\"><\/path><\/svg><\/button>\n\t\t\t\t\t\t<div class=\"wp-block-navigation__responsive-container-content\" id=\"modal-1-content\">\n\t\t\t\t\t\t\t<ul class=\"wp-block-navigation__container\"><li class=\"wp-block-navigation-item wp-block-navigation-link\"><a class=\"wp-block-navigation-item__content\"  href=\"https:\/\/laurencebancaud.com\/en\/ton-that-tiet\/introduction\/\"><span class=\"wp-block-navigation-item__label\">Introduction<\/span><\/a><\/li><li class=\"wp-block-navigation-item wp-block-navigation-link\"><a class=\"wp-block-navigation-item__content\"  href=\"https:\/\/laurencebancaud.com\/en\/ton-that-tiet\/biographie-ton-that-tiet\/\"><span class=\"wp-block-navigation-item__label\">T\u00f4n-Th\u00e2t Ti\u00eat biography<\/span><\/a><\/li><li class=\"wp-block-navigation-item wp-block-navigation-link\"><a class=\"wp-block-navigation-item__content\"  href=\"https:\/\/laurencebancaud.com\/en\/ton-that-tiet\/livres\/\"><span class=\"wp-block-navigation-item__label\">Books<\/span><\/a><\/li><li class=\"wp-block-navigation-item wp-block-navigation-link\"><a class=\"wp-block-navigation-item__content\"  href=\"https:\/\/laurencebancaud.com\/en\/ton-that-tiet\/lettres\/\"><span class=\"wp-block-navigation-item__label\">Letters<\/span><\/a><\/li><li class=\"wp-block-navigation-item wp-block-navigation-link\"><a class=\"wp-block-navigation-item__content\"  href=\"https:\/\/laurencebancaud.com\/en\/ton-that-tiet\/entretiens\/\"><span class=\"wp-block-navigation-item__label\">Conversations<\/span><\/a><\/li><li class=\"wp-block-navigation-item wp-block-navigation-link\"><a class=\"wp-block-navigation-item__content\"  href=\"https:\/\/laurencebancaud.com\/en\/ton-that-tiet\/textes\/\"><span class=\"wp-block-navigation-item__label\">Writings<\/span><\/a><\/li><li class=\"wp-block-navigation-item wp-block-navigation-link\"><a class=\"wp-block-navigation-item__content\"  href=\"https:\/\/laurencebancaud.com\/en\/ton-that-tiet\/catalogue\/\"><span class=\"wp-block-navigation-item__label\">Catalogue<\/span><\/a><\/li><li class=\"wp-block-navigation-item wp-block-navigation-link\"><a class=\"wp-block-navigation-item__content\"  href=\"https:\/\/laurencebancaud.com\/en\/ton-that-tiet\/references\/\"><span class=\"wp-block-navigation-item__label\">References<\/span><\/a><\/li><li class=\"wp-block-navigation-item wp-block-navigation-link\"><a class=\"wp-block-navigation-item__content\"  href=\"https:\/\/laurencebancaud.com\/en\/ton-that-tiet\/photos-ton-that-tiet\/\"><span class=\"wp-block-navigation-item__label\">Photos<\/span><\/a><\/li><li class=\"wp-block-navigation-item wp-block-navigation-link\"><a class=\"wp-block-navigation-item__content\"  href=\"https:\/\/laurencebancaud.com\/en\/ton-that-tiet\/multimedia-ton-that-tiet\/\"><span class=\"wp-block-navigation-item__label\">Multimedia<\/span><\/a><\/li><li class=\"wp-block-navigation-item wp-block-navigation-link\"><a class=\"wp-block-navigation-item__content\"  href=\"https:\/\/tonthattiet.com\/\" target=\"_blank\"  ><span class=\"wp-block-navigation-item__label\">News<\/span><\/a><\/li><\/ul>\n\t\t\t\t\t\t<\/div>\n\t\t\t\t\t<\/div>\n\t\t\t\t<\/div>\n\t\t\t<\/div><\/nav>","protected":false},"excerpt":{"rendered":"","protected":false},"author":1,"featured_media":0,"parent":0,"menu_order":1,"comment_status":"closed","ping_status":"closed","template":"","meta":{"_editorskit_title_hidden":false,"_editorskit_reading_time":0,"_editorskit_is_block_options_detached":false,"_editorskit_block_options_position":"{}"},"_links":{"self":[{"href":"https:\/\/laurencebancaud.com\/en\/wp-json\/wp\/v2\/pages\/29"}],"collection":[{"href":"https:\/\/laurencebancaud.com\/en\/wp-json\/wp\/v2\/pages"}],"about":[{"href":"https:\/\/laurencebancaud.com\/en\/wp-json\/wp\/v2\/types\/page"}],"author":[{"embeddable":true,"href":"https:\/\/laurencebancaud.com\/en\/wp-json\/wp\/v2\/users\/1"}],"replies":[{"embeddable":true,"href":"https:\/\/laurencebancaud.com\/en\/wp-json\/wp\/v2\/comments?post=29"}],"version-history":[{"count":3,"href":"https:\/\/laurencebancaud.com\/en\/wp-json\/wp\/v2\/pages\/29\/revisions"}],"predecessor-version":[{"id":205,"href":"https:\/\/laurencebancaud.com\/en\/wp-json\/wp\/v2\/pages\/29\/revisions\/205"}],"wp:attachment":[{"href":"https:\/\/laurencebancaud.com\/en\/wp-json\/wp\/v2\/media?parent=29"}],"curies":[{"name":"wp","href":"https:\/\/api.w.org\/{rel}","templated":true}]}}