{"id":191,"date":"2022-12-29T20:11:20","date_gmt":"2022-12-29T20:11:20","guid":{"rendered":"https:\/\/laurencebancaud.com\/?page_id=191"},"modified":"2025-09-01T18:46:08","modified_gmt":"2025-09-01T18:46:08","slug":"horspiste","status":"publish","type":"page","link":"https:\/\/laurencebancaud.com\/en\/harpiste\/biographie\/horspiste\/","title":{"rendered":"Horspiste"},"content":{"rendered":"<figure class=\"wp-block-image size-large\"><img decoding=\"async\" loading=\"lazy\" width=\"1024\" height=\"769\" src=\"https:\/\/laurencebancaud.com\/wp-content\/uploads\/2025\/09\/P1140928-1024x769.jpg\" alt=\"\" class=\"wp-image-900\" srcset=\"https:\/\/laurencebancaud.com\/wp-content\/uploads\/2025\/09\/P1140928-1024x769.jpg 1024w, https:\/\/laurencebancaud.com\/wp-content\/uploads\/2025\/09\/P1140928-300x225.jpg 300w, https:\/\/laurencebancaud.com\/wp-content\/uploads\/2025\/09\/P1140928-768x577.jpg 768w, https:\/\/laurencebancaud.com\/wp-content\/uploads\/2025\/09\/P1140928-1536x1153.jpg 1536w, https:\/\/laurencebancaud.com\/wp-content\/uploads\/2025\/09\/P1140928-2048x1538.jpg 2048w, https:\/\/laurencebancaud.com\/wp-content\/uploads\/2025\/09\/P1140928-16x12.jpg 16w\" sizes=\"(max-width: 1024px) 100vw, 1024px\" \/><\/figure>\n\n\n\n<p><strong>Duo Horspiste <\/strong><br>Carine Honorat fl\u00fbtes, traverso <br>Laurence Bancaud harpe, cithare<\/p>\n\n\n\n<p>Carine Honorat et Laurence Bancaud ont toutes les deux obtenu leur Premier Prix de fl\u00fbte et de harpe au Conservatoire National Sup\u00e9rieur de Musique de Paris. Elles se rencontrent \u00e0 l&rsquo;Acad\u00e9mie Internationale de Musique Millesources en Haute Dordogne. Tr\u00e8s vite leur go\u00fbt commun pour des univers o\u00f9 se croisent cr\u00e9ation, traditions, minimalisme et po\u00e9sie, les am\u00e8ne \u00e0 travailler ensemble. Elles aiment se produire dans des lieux o\u00f9 les arts peuvent dialoguer. <br>Laurence Bancaud a \u00e9galement suivi une formation de musicologue. Titulaire d\u2019une Ma\u00eetrise de Musicologie \u00e0 l\u2019Universit\u00e9 de Tours, elle est aussi l\u2019auteur d\u2019un livre paru aux \u00e9ditions Cig\u2019art en 2010, <em>.<\/em>, et co-auteur de <em>La Harpe aux XX\u00e8me et XXI\u00e8me si\u00e8cles<\/em> (Minerve, 2013) et <em>.<\/em> (IUP, 2019). Professeur d\u2019Enseignement Artistique, elle enseigne au conservatoire du 17e arrondissement de Paris. Passionn\u00e9e par l\u2019Asie, elle joue \u00e9galement du Dan Tranh, la cithare vietnamienne. <br>Carine Honorat a men\u00e9 un travail de recherche pour r\u00e9aliser son m\u00e9moire en Master de p\u00e9dagogie au CNSM de Paris portant sur les sources du r\u00e9pertoire de musique de chambre avec fl\u00fbte apr\u00e8s 1945. Professeur d\u2019Enseignement Artistique, elle enseigne au Conservatoire \u00e0 Rayonnement R\u00e9gional d\u2019Angers depuis 2003. Passionn\u00e9e par les diff\u00e9rents r\u00e9pertoires, elle joue \u00e9galement de la fl\u00fbte en sol,&nbsp; de la fl\u00fbte basse et du traverso. Elle est membre de l\u2019ensemble Minium21. Elle a par ailleurs publi\u00e9 un ouvrage litt\u00e9raire, \u00ab\u00a0Petit mus\u00e9e du vide\u00a0\u00bb (Ed. EDILIVRE).<\/p>\n\n\n\n<figure class=\"wp-block-embed is-type-video is-provider-youtube wp-block-embed-youtube wp-embed-aspect-16-9 wp-has-aspect-ratio\"><div class=\"wp-block-embed__wrapper\">\n<iframe loading=\"lazy\" title=\"Duo Horspiste [teaser 2024]\" width=\"500\" height=\"281\" src=\"https:\/\/www.youtube.com\/embed\/SJcOXFNJ_Fg?feature=oembed\" frameborder=\"0\" allow=\"accelerometer; autoplay; clipboard-write; encrypted-media; gyroscope; picture-in-picture; web-share\" referrerpolicy=\"strict-origin-when-cross-origin\" allowfullscreen><\/iframe>\n<\/div><\/figure>\n\n\n\n<figure class=\"wp-block-embed is-type-video is-provider-youtube wp-block-embed-youtube wp-embed-aspect-16-9 wp-has-aspect-ratio\"><div class=\"wp-block-embed__wrapper\">\n<iframe loading=\"lazy\" title=\"[Teaser] Duo Carine Laurence\" width=\"500\" height=\"281\" src=\"https:\/\/www.youtube.com\/embed\/E9FoR9aBAQk?feature=oembed\" frameborder=\"0\" allow=\"accelerometer; autoplay; clipboard-write; encrypted-media; gyroscope; picture-in-picture; web-share\" referrerpolicy=\"strict-origin-when-cross-origin\" allowfullscreen><\/iframe>\n<\/div><\/figure>\n\n\n\n<figure class=\"is-layout-flex wp-block-gallery-1 wp-block-gallery has-nested-images columns-default is-cropped\">\n<figure class=\"wp-block-image size-large\"><img decoding=\"async\" loading=\"lazy\" width=\"1024\" height=\"769\" data-id=\"901\"  src=\"https:\/\/laurencebancaud.com\/wp-content\/uploads\/2025\/09\/P1380313-1024x769.jpg\" alt=\"\" class=\"wp-image-901\" srcset=\"https:\/\/laurencebancaud.com\/wp-content\/uploads\/2025\/09\/P1380313-1024x769.jpg 1024w, https:\/\/laurencebancaud.com\/wp-content\/uploads\/2025\/09\/P1380313-300x225.jpg 300w, https:\/\/laurencebancaud.com\/wp-content\/uploads\/2025\/09\/P1380313-768x577.jpg 768w, https:\/\/laurencebancaud.com\/wp-content\/uploads\/2025\/09\/P1380313-1536x1153.jpg 1536w, https:\/\/laurencebancaud.com\/wp-content\/uploads\/2025\/09\/P1380313-2048x1538.jpg 2048w, https:\/\/laurencebancaud.com\/wp-content\/uploads\/2025\/09\/P1380313-16x12.jpg 16w\" sizes=\"(max-width: 1024px) 100vw, 1024px\" \/><\/figure>\n\n\n\n<figure class=\"wp-block-image size-large\"><img decoding=\"async\" data-id=\"260\"  src=\"https:\/\/laurencebancaud.com\/wp-content\/uploads\/2023\/01\/P1140765.jpg\" alt=\"\" class=\"wp-image-260\"\/><\/figure>\n\n\n\n<figure class=\"wp-block-image size-large\"><img decoding=\"async\" loading=\"lazy\" width=\"1440\" height=\"1440\" data-id=\"265\"  src=\"https:\/\/laurencebancaud.com\/wp-content\/uploads\/2023\/01\/141941052_3478144618974830_1775549359622899978_n.jpg\" alt=\"\" class=\"wp-image-265\"\/><\/figure>\n\n\n\n<figure class=\"wp-block-image size-large\"><img decoding=\"async\" loading=\"lazy\" width=\"1024\" height=\"683\" data-id=\"904\"  src=\"https:\/\/laurencebancaud.com\/wp-content\/uploads\/2025\/09\/DE1A2811o-1024x683.jpg\" alt=\"\" class=\"wp-image-904\" srcset=\"https:\/\/laurencebancaud.com\/wp-content\/uploads\/2025\/09\/DE1A2811o-1024x683.jpg 1024w, https:\/\/laurencebancaud.com\/wp-content\/uploads\/2025\/09\/DE1A2811o-300x200.jpg 300w, https:\/\/laurencebancaud.com\/wp-content\/uploads\/2025\/09\/DE1A2811o-768x512.jpg 768w, https:\/\/laurencebancaud.com\/wp-content\/uploads\/2025\/09\/DE1A2811o-1536x1024.jpg 1536w, https:\/\/laurencebancaud.com\/wp-content\/uploads\/2025\/09\/DE1A2811o-2048x1365.jpg 2048w, https:\/\/laurencebancaud.com\/wp-content\/uploads\/2025\/09\/DE1A2811o-18x12.jpg 18w\" sizes=\"(max-width: 1024px) 100vw, 1024px\" \/><\/figure>\n\n\n\n<figure class=\"wp-block-image size-large\"><img decoding=\"async\" loading=\"lazy\" width=\"1024\" height=\"769\" data-id=\"905\"  src=\"https:\/\/laurencebancaud.com\/wp-content\/uploads\/2025\/09\/Eymoutiers-3-1024x769.jpg\" alt=\"\" class=\"wp-image-905\" srcset=\"https:\/\/laurencebancaud.com\/wp-content\/uploads\/2025\/09\/Eymoutiers-3-1024x769.jpg 1024w, https:\/\/laurencebancaud.com\/wp-content\/uploads\/2025\/09\/Eymoutiers-3-300x225.jpg 300w, https:\/\/laurencebancaud.com\/wp-content\/uploads\/2025\/09\/Eymoutiers-3-768x577.jpg 768w, https:\/\/laurencebancaud.com\/wp-content\/uploads\/2025\/09\/Eymoutiers-3-1536x1153.jpg 1536w, https:\/\/laurencebancaud.com\/wp-content\/uploads\/2025\/09\/Eymoutiers-3-2048x1538.jpg 2048w, https:\/\/laurencebancaud.com\/wp-content\/uploads\/2025\/09\/Eymoutiers-3-16x12.jpg 16w\" sizes=\"(max-width: 1024px) 100vw, 1024px\" \/><\/figure>\n\n\n\n<figure class=\"wp-block-image size-large\"><img decoding=\"async\" loading=\"lazy\" width=\"1463\" height=\"1187\" data-id=\"267\"  src=\"https:\/\/laurencebancaud.com\/wp-content\/uploads\/2023\/01\/IMG-20220207-WA0006.jpg\" alt=\"\" class=\"wp-image-267\"\/><\/figure>\n\n\n\n<figure class=\"wp-block-image size-large\"><img decoding=\"async\" loading=\"lazy\" width=\"1477\" height=\"1161\" data-id=\"268\"  src=\"https:\/\/laurencebancaud.com\/wp-content\/uploads\/2023\/01\/IMG-20220509-WA0000.jpg\" alt=\"\" class=\"wp-image-268\"\/><\/figure>\n\n\n\n<figure class=\"wp-block-image size-large\"><img decoding=\"async\" loading=\"lazy\" width=\"1024\" height=\"683\" data-id=\"902\"  src=\"https:\/\/laurencebancaud.com\/wp-content\/uploads\/2025\/09\/DE1A2870o-1024x683.jpg\" alt=\"\" class=\"wp-image-902\" srcset=\"https:\/\/laurencebancaud.com\/wp-content\/uploads\/2025\/09\/DE1A2870o-1024x683.jpg 1024w, https:\/\/laurencebancaud.com\/wp-content\/uploads\/2025\/09\/DE1A2870o-300x200.jpg 300w, https:\/\/laurencebancaud.com\/wp-content\/uploads\/2025\/09\/DE1A2870o-768x512.jpg 768w, https:\/\/laurencebancaud.com\/wp-content\/uploads\/2025\/09\/DE1A2870o-1536x1024.jpg 1536w, https:\/\/laurencebancaud.com\/wp-content\/uploads\/2025\/09\/DE1A2870o-2048x1365.jpg 2048w, https:\/\/laurencebancaud.com\/wp-content\/uploads\/2025\/09\/DE1A2870o-18x12.jpg 18w\" sizes=\"(max-width: 1024px) 100vw, 1024px\" \/><\/figure>\n\n\n\n<figure class=\"wp-block-image size-large\"><img decoding=\"async\" loading=\"lazy\" width=\"1024\" height=\"683\" data-id=\"903\"  src=\"https:\/\/laurencebancaud.com\/wp-content\/uploads\/2025\/09\/DE1A2910o-1024x683.jpg\" alt=\"\" class=\"wp-image-903\" srcset=\"https:\/\/laurencebancaud.com\/wp-content\/uploads\/2025\/09\/DE1A2910o-1024x683.jpg 1024w, https:\/\/laurencebancaud.com\/wp-content\/uploads\/2025\/09\/DE1A2910o-300x200.jpg 300w, https:\/\/laurencebancaud.com\/wp-content\/uploads\/2025\/09\/DE1A2910o-768x512.jpg 768w, https:\/\/laurencebancaud.com\/wp-content\/uploads\/2025\/09\/DE1A2910o-1536x1024.jpg 1536w, https:\/\/laurencebancaud.com\/wp-content\/uploads\/2025\/09\/DE1A2910o-2048x1365.jpg 2048w, https:\/\/laurencebancaud.com\/wp-content\/uploads\/2025\/09\/DE1A2910o-18x12.jpg 18w\" sizes=\"(max-width: 1024px) 100vw, 1024px\" \/><\/figure>\n\n\n\n<figure class=\"wp-block-image size-large\"><img decoding=\"async\" loading=\"lazy\" width=\"960\" height=\"620\" data-id=\"273\"  src=\"https:\/\/laurencebancaud.com\/wp-content\/uploads\/2023\/01\/Aubusson2021.jpg\" alt=\"\" class=\"wp-image-273\"\/><\/figure>\n\n\n\n<figure class=\"wp-block-image size-large\"><img decoding=\"async\" loading=\"lazy\" width=\"1024\" height=\"768\" data-id=\"896\"  src=\"https:\/\/laurencebancaud.com\/wp-content\/uploads\/2025\/09\/IMG_1862-1024x768.jpg\" alt=\"\" class=\"wp-image-896\" srcset=\"https:\/\/laurencebancaud.com\/wp-content\/uploads\/2025\/09\/IMG_1862-1024x768.jpg 1024w, https:\/\/laurencebancaud.com\/wp-content\/uploads\/2025\/09\/IMG_1862-300x225.jpg 300w, https:\/\/laurencebancaud.com\/wp-content\/uploads\/2025\/09\/IMG_1862-768x576.jpg 768w, https:\/\/laurencebancaud.com\/wp-content\/uploads\/2025\/09\/IMG_1862-1536x1152.jpg 1536w, https:\/\/laurencebancaud.com\/wp-content\/uploads\/2025\/09\/IMG_1862-2048x1536.jpg 2048w, https:\/\/laurencebancaud.com\/wp-content\/uploads\/2025\/09\/IMG_1862-16x12.jpg 16w\" sizes=\"(max-width: 1024px) 100vw, 1024px\" \/><\/figure>\n\n\n\n<figure class=\"wp-block-image size-large\"><img decoding=\"async\" loading=\"lazy\" width=\"1024\" height=\"683\" data-id=\"899\"  src=\"https:\/\/laurencebancaud.com\/wp-content\/uploads\/2025\/09\/photo-concert-1024x683.jpg\" alt=\"\" class=\"wp-image-899\" srcset=\"https:\/\/laurencebancaud.com\/wp-content\/uploads\/2025\/09\/photo-concert-1024x683.jpg 1024w, https:\/\/laurencebancaud.com\/wp-content\/uploads\/2025\/09\/photo-concert-300x200.jpg 300w, https:\/\/laurencebancaud.com\/wp-content\/uploads\/2025\/09\/photo-concert-768x512.jpg 768w, https:\/\/laurencebancaud.com\/wp-content\/uploads\/2025\/09\/photo-concert-1536x1024.jpg 1536w, https:\/\/laurencebancaud.com\/wp-content\/uploads\/2025\/09\/photo-concert-2048x1366.jpg 2048w, https:\/\/laurencebancaud.com\/wp-content\/uploads\/2025\/09\/photo-concert-18x12.jpg 18w\" sizes=\"(max-width: 1024px) 100vw, 1024px\" \/><\/figure>\n\n\n\n<figure class=\"wp-block-image size-large\"><img decoding=\"async\" loading=\"lazy\" width=\"1024\" height=\"769\" data-id=\"907\"  src=\"https:\/\/laurencebancaud.com\/wp-content\/uploads\/2025\/09\/photo-1024x769.jpg\" alt=\"\" class=\"wp-image-907\" srcset=\"https:\/\/laurencebancaud.com\/wp-content\/uploads\/2025\/09\/photo-1024x769.jpg 1024w, https:\/\/laurencebancaud.com\/wp-content\/uploads\/2025\/09\/photo-300x225.jpg 300w, https:\/\/laurencebancaud.com\/wp-content\/uploads\/2025\/09\/photo-768x577.jpg 768w, https:\/\/laurencebancaud.com\/wp-content\/uploads\/2025\/09\/photo-1536x1153.jpg 1536w, https:\/\/laurencebancaud.com\/wp-content\/uploads\/2025\/09\/photo-16x12.jpg 16w, https:\/\/laurencebancaud.com\/wp-content\/uploads\/2025\/09\/photo.jpg 1918w\" sizes=\"(max-width: 1024px) 100vw, 1024px\" \/><\/figure>\n<\/figure>\n\n\n\n<p><\/p>","protected":false},"excerpt":{"rendered":"<p>Duo Horspiste Carine Honorat fl\u00fbtes, traverso Laurence Bancaud harpe, cithare Carine Honorat et Laurence Bancaud ont toutes les deux obtenu leur Premier Prix de fl\u00fbte et de harpe au Conservatoire National Sup\u00e9rieur de Musique de Paris. Elles se rencontrent \u00e0 l&rsquo;Acad\u00e9mie Internationale de Musique Millesources en Haute Dordogne. Tr\u00e8s vite leur go\u00fbt commun pour des [&hellip;]<\/p>","protected":false},"author":1,"featured_media":0,"parent":72,"menu_order":0,"comment_status":"closed","ping_status":"closed","template":"","meta":{"_editorskit_title_hidden":false,"_editorskit_reading_time":0,"_editorskit_is_block_options_detached":false,"_editorskit_block_options_position":"{}"},"_links":{"self":[{"href":"https:\/\/laurencebancaud.com\/en\/wp-json\/wp\/v2\/pages\/191"}],"collection":[{"href":"https:\/\/laurencebancaud.com\/en\/wp-json\/wp\/v2\/pages"}],"about":[{"href":"https:\/\/laurencebancaud.com\/en\/wp-json\/wp\/v2\/types\/page"}],"author":[{"embeddable":true,"href":"https:\/\/laurencebancaud.com\/en\/wp-json\/wp\/v2\/users\/1"}],"replies":[{"embeddable":true,"href":"https:\/\/laurencebancaud.com\/en\/wp-json\/wp\/v2\/comments?post=191"}],"version-history":[{"count":8,"href":"https:\/\/laurencebancaud.com\/en\/wp-json\/wp\/v2\/pages\/191\/revisions"}],"predecessor-version":[{"id":914,"href":"https:\/\/laurencebancaud.com\/en\/wp-json\/wp\/v2\/pages\/191\/revisions\/914"}],"up":[{"embeddable":true,"href":"https:\/\/laurencebancaud.com\/en\/wp-json\/wp\/v2\/pages\/72"}],"wp:attachment":[{"href":"https:\/\/laurencebancaud.com\/en\/wp-json\/wp\/v2\/media?parent=191"}],"curies":[{"name":"wp","href":"https:\/\/api.w.org\/{rel}","templated":true}]}}