{"id":189,"date":"2022-12-29T20:10:52","date_gmt":"2022-12-29T20:10:52","guid":{"rendered":"https:\/\/laurencebancaud.com\/?page_id=189"},"modified":"2025-04-14T18:13:04","modified_gmt":"2025-04-14T18:13:04","slug":"biographie-longue","status":"publish","type":"page","link":"https:\/\/laurencebancaud.com\/en\/harpiste\/biographie\/biographie-longue\/","title":{"rendered":"long biography"},"content":{"rendered":"<p class=\"wp-elements-37ee87551945a3b38a71bba8bfdbc453 has-ti-fg-color has-text-color has-link-color\">Apr\u00e8s un cycle d\u2019\u00e9tudes musicales au Conservatoire National de R\u00e9gion de Limoges avec Sylvie Beltrando, puis au Conservatoire National de R\u00e9gion de Tours dans la classe de Catherine de Preissac, Laurence Bancaud suit \u00e9galement l&rsquo;enseignement d&rsquo;Annie Fontaine au CRR de Boulogne-Billancourt, et de Fr\u00e9d\u00e9rique Cambreling. Elle est ensuite admise au Conservatoire National Sup\u00e9rieur de Musique de Paris et obtient un Premier Prix de harpe en 1993 dans la classe de Marie-Claire Jamet et Francis Pierre. Elle y \u00e9tudie \u00e9galement l\u2019analyse avec Fr\u00e9d\u00e9ric Durieux et Mich\u00e8le Reverdy.<br>Privil\u00e9giant la musique de chambre, Laurence Bancaud se produit dans diverses formations. Sensible aux correspondances entre les arts, elle joue r\u00e9guli\u00e8rement dans les mus\u00e9es avec le Duo Horspiste (fl\u00fbte et harpe avec la fl\u00fbtiste Carine Honorat). Elle forme \u00e9galement un duo avec la hautbo\u00efste Val\u00e9rie Liebenguth. <br>Particuli\u00e8rement engag\u00e9e dans la musique d\u2019aujourd\u2019hui et la cr\u00e9ation, elle cr\u00e9e le trio de harpes Magadis avec Elodie Reibaud et Fr\u00e9d\u00e9rique Cambreling avec pour objectif de d\u00e9velopper le r\u00e9pertoire pour cette formation. <br>Elle est Pr\u00e9sidente de l\u2019association\u00a0 Les Signes de l\u2019arc\u00a0 \u00ab Harpe en mouvement \u2013 cr\u00e9ations et exp\u00e9rimentations \u00bb cr\u00e9\u00e9e en 2011 (<a href=\"http:\/\/www.lessignesdelarc.org\/\" data-type=\"URL\" data-id=\"http:\/\/www.lessignesdelarc.org\/\">www.lessignesdelarc.org<\/a>She is also co-artistic director of Collegium21.<a href=\"https:\/\/collegium21.com\/\" data-type=\"URL\" data-id=\"https:\/\/collegium21.com\/\">collegium21.com<\/a>). <br>Nomm\u00e9e Professeure d\u2019Enseignement Artistique de la Fonction Publique en 2000, elle enseigne au Conservatoire du 17\u00e8me arrondissement de Paris. <br>Parall\u00e8lement \u00e0 ses activit\u00e9s de p\u00e9dagogue et de concertiste, Laurence Bancaud a suivi une formation de musicologue. Titulaire d\u2019une Ma\u00eetrise de Musicologie \u00e0 l\u2019Universit\u00e9 de Tours, elle est aussi l\u2019auteure d\u2019un livre paru aux \u00e9ditions Cig\u2019art en 2010, <em>and co-author<\/em> of <em>La Harpe aux XX\u00e8me et XXI\u00e8me si\u00e8cles : notation, facture, r\u00e9pertoire<\/em> (Minerve, 2013) and <em>.<\/em> (Indiana University Press, 2019) <br>In 2020 she directed the documentary <em>T\u00f4n-Th\u00e2t Ti\u00eat\u2026 et coule la rivi\u00e8re\u2026<\/em> (production Les signes de l\u2019arc), and in 2021 <em>Une \u00e9motion \u00e0 transmettre<\/em> (production Conservatoire &amp; Orchestre de Caen). <br>Finally, she has a passion for Asia, and plays the Dan tranh, the Vietnamese zither.<\/p>","protected":false},"excerpt":{"rendered":"<p>Apr\u00e8s un cycle d\u2019\u00e9tudes musicales au Conservatoire National de R\u00e9gion de Limoges avec Sylvie Beltrando, puis au Conservatoire National de R\u00e9gion de Tours dans la classe de Catherine de Preissac, Laurence Bancaud suit \u00e9galement l&rsquo;enseignement d&rsquo;Annie Fontaine au CRR de Boulogne-Billancourt, et de Fr\u00e9d\u00e9rique Cambreling. Elle est ensuite admise au Conservatoire National Sup\u00e9rieur de Musique [&hellip;]<\/p>","protected":false},"author":1,"featured_media":0,"parent":72,"menu_order":0,"comment_status":"closed","ping_status":"closed","template":"","meta":{"_editorskit_title_hidden":false,"_editorskit_reading_time":0,"_editorskit_is_block_options_detached":false,"_editorskit_block_options_position":"{}"},"_links":{"self":[{"href":"https:\/\/laurencebancaud.com\/en\/wp-json\/wp\/v2\/pages\/189"}],"collection":[{"href":"https:\/\/laurencebancaud.com\/en\/wp-json\/wp\/v2\/pages"}],"about":[{"href":"https:\/\/laurencebancaud.com\/en\/wp-json\/wp\/v2\/types\/page"}],"author":[{"embeddable":true,"href":"https:\/\/laurencebancaud.com\/en\/wp-json\/wp\/v2\/users\/1"}],"replies":[{"embeddable":true,"href":"https:\/\/laurencebancaud.com\/en\/wp-json\/wp\/v2\/comments?post=189"}],"version-history":[{"count":7,"href":"https:\/\/laurencebancaud.com\/en\/wp-json\/wp\/v2\/pages\/189\/revisions"}],"predecessor-version":[{"id":881,"href":"https:\/\/laurencebancaud.com\/en\/wp-json\/wp\/v2\/pages\/189\/revisions\/881"}],"up":[{"embeddable":true,"href":"https:\/\/laurencebancaud.com\/en\/wp-json\/wp\/v2\/pages\/72"}],"wp:attachment":[{"href":"https:\/\/laurencebancaud.com\/en\/wp-json\/wp\/v2\/media?parent=189"}],"curies":[{"name":"wp","href":"https:\/\/api.w.org\/{rel}","templated":true}]}}