{"id":137,"date":"2022-12-29T19:06:59","date_gmt":"2022-12-29T19:06:59","guid":{"rendered":"https:\/\/laurencebancaud.com\/?page_id=137"},"modified":"2025-04-14T18:20:38","modified_gmt":"2025-04-14T18:20:38","slug":"multimedia-ton-that-tiet","status":"publish","type":"page","link":"https:\/\/laurencebancaud.com\/en\/ton-that-tiet\/multimedia-ton-that-tiet\/","title":{"rendered":"Multimedia"},"content":{"rendered":"<figure class=\"wp-block-embed is-type-video is-provider-youtube wp-block-embed-youtube wp-embed-aspect-16-9 wp-has-aspect-ratio\"><div class=\"wp-block-embed__wrapper\">\n<iframe loading=\"lazy\" title=\"T\u00f4n-Th\u00e2t Ti\u00eat ... et  coule la rivi\u00e8re...\" width=\"500\" height=\"281\" src=\"https:\/\/www.youtube.com\/embed\/DpQo7I0JApk?feature=oembed\" frameborder=\"0\" allow=\"accelerometer; autoplay; clipboard-write; encrypted-media; gyroscope; picture-in-picture; web-share\" referrerpolicy=\"strict-origin-when-cross-origin\" allowfullscreen><\/iframe>\n<\/div><\/figure>\n\n\n\n<figure class=\"wp-block-embed is-type-video is-provider-youtube wp-block-embed-youtube wp-embed-aspect-16-9 wp-has-aspect-ratio\"><div class=\"wp-block-embed__wrapper\">\n<iframe loading=\"lazy\" title=\"\u00ab Une \u00e9motion \u00e0 transmettre \u00bb de Laurence Bancaud \u2013 Festival Aspects des Musiques d\u2019Aujourd\u2019hui 2021\" width=\"500\" height=\"281\" src=\"https:\/\/www.youtube.com\/embed\/8uWpf-92q84?feature=oembed\" frameborder=\"0\" allow=\"accelerometer; autoplay; clipboard-write; encrypted-media; gyroscope; picture-in-picture; web-share\" referrerpolicy=\"strict-origin-when-cross-origin\" allowfullscreen><\/iframe>\n<\/div><\/figure>\n\n\n\n<div style=\"height:38px\" aria-hidden=\"true\" class=\"wp-block-spacer\"><\/div>\n\n\n\n<p class=\"has-ti-fg-color has-text-color\"><strong>Montpellier\/Festival Turbulences Sonores 2014\/Universit\u00e9<\/strong> <br>Rencontre de T\u00f4n-Th\u00e2t Ti\u00eat avec les \u00e9tudiants de Sophie Lacaze et Guilherme Carvalho le 04\/04\/2014 :<\/p>\n\n\n\n<figure class=\"wp-block-audio\"><audio controls src=\"https:\/\/laurencebancaud.com\/wp-content\/uploads\/2023\/01\/rencontre-TTT-4-avril1-1.mp3\"><\/audio><\/figure>\n\n\n\n<p>Lecture du po\u00e8me de H\u00e0n Mac T\u00f9 \u00ab\u00a0Le hameau des roseaux\u00a0\u00bb (D\u00e2y th\u00f4n V\u00ee Da) par T\u00f4n-Th\u00e2t Ti\u00eat<br><a href=\"https:\/\/laurencebancaud.com\/wp-content\/uploads\/2023\/11\/TTT-lecture-poeme-Han-Mac-Thu.mp3\" data-type=\"URL\" data-id=\"https:\/\/laurencebancaud.com\/wp-content\/uploads\/2023\/11\/TTT-lecture-poeme-Han-Mac-Thu.mp3\" target=\"_blank\" rel=\"noreferrer noopener\">enregistrement audio<\/a><\/p>\n\n\n\n<p>Extraits audio d&rsquo;entretiens r\u00e9alis\u00e9s en 1996 et 2007 : voir dans \u00ab\u00a0Entretiens\u00a0\u00bb<\/p>","protected":false},"excerpt":{"rendered":"<p>Montpellier\/Festival Turbulences Sonores 2014\/Universit\u00e9 Rencontre de T\u00f4n-Th\u00e2t Ti\u00eat avec les \u00e9tudiants de Sophie Lacaze et Guilherme Carvalho le 04\/04\/2014 : Lecture du po\u00e8me de H\u00e0n Mac T\u00f9 \u00ab\u00a0Le hameau des roseaux\u00a0\u00bb (D\u00e2y th\u00f4n V\u00ee Da) par T\u00f4n-Th\u00e2t Ti\u00eatenregistrement audio Extraits audio d&rsquo;entretiens r\u00e9alis\u00e9s en 1996 et 2007 : voir dans \u00ab\u00a0Entretiens\u00a0\u00bb<\/p>","protected":false},"author":1,"featured_media":0,"parent":29,"menu_order":8,"comment_status":"closed","ping_status":"closed","template":"","meta":{"_editorskit_title_hidden":false,"_editorskit_reading_time":0,"_editorskit_is_block_options_detached":false,"_editorskit_block_options_position":"{}"},"_links":{"self":[{"href":"https:\/\/laurencebancaud.com\/en\/wp-json\/wp\/v2\/pages\/137"}],"collection":[{"href":"https:\/\/laurencebancaud.com\/en\/wp-json\/wp\/v2\/pages"}],"about":[{"href":"https:\/\/laurencebancaud.com\/en\/wp-json\/wp\/v2\/types\/page"}],"author":[{"embeddable":true,"href":"https:\/\/laurencebancaud.com\/en\/wp-json\/wp\/v2\/users\/1"}],"replies":[{"embeddable":true,"href":"https:\/\/laurencebancaud.com\/en\/wp-json\/wp\/v2\/comments?post=137"}],"version-history":[{"count":7,"href":"https:\/\/laurencebancaud.com\/en\/wp-json\/wp\/v2\/pages\/137\/revisions"}],"predecessor-version":[{"id":883,"href":"https:\/\/laurencebancaud.com\/en\/wp-json\/wp\/v2\/pages\/137\/revisions\/883"}],"up":[{"embeddable":true,"href":"https:\/\/laurencebancaud.com\/en\/wp-json\/wp\/v2\/pages\/29"}],"wp:attachment":[{"href":"https:\/\/laurencebancaud.com\/en\/wp-json\/wp\/v2\/media?parent=137"}],"curies":[{"name":"wp","href":"https:\/\/api.w.org\/{rel}","templated":true}]}}