{"id":135,"date":"2022-12-29T19:06:46","date_gmt":"2022-12-29T19:06:46","guid":{"rendered":"https:\/\/laurencebancaud.com\/?page_id=135"},"modified":"2026-01-04T20:47:55","modified_gmt":"2026-01-04T20:47:55","slug":"photos-ton-that-tiet","status":"publish","type":"page","link":"https:\/\/laurencebancaud.com\/en\/ton-that-tiet\/photos-ton-that-tiet\/","title":{"rendered":"Photos"},"content":{"rendered":"<figure class=\"is-layout-flex wp-block-gallery-1 wp-block-gallery has-nested-images columns-default is-cropped\">\n<figure class=\"wp-block-image size-large\"><a href=\"https:\/\/laurencebancaud.com\/wp-content\/uploads\/2023\/05\/2013-JM-Volta.jpg\"><img decoding=\"async\" loading=\"lazy\" width=\"683\" height=\"1024\" data-id=\"617\"  src=\"https:\/\/laurencebancaud.com\/wp-content\/uploads\/2023\/05\/2013-JM-Volta-683x1024.jpg\" alt=\"\" class=\"wp-image-617\" srcset=\"https:\/\/laurencebancaud.com\/wp-content\/uploads\/2023\/05\/2013-JM-Volta-683x1024.jpg 683w, https:\/\/laurencebancaud.com\/wp-content\/uploads\/2023\/05\/2013-JM-Volta-200x300.jpg 200w, https:\/\/laurencebancaud.com\/wp-content\/uploads\/2023\/05\/2013-JM-Volta-768x1152.jpg 768w, https:\/\/laurencebancaud.com\/wp-content\/uploads\/2023\/05\/2013-JM-Volta-1024x1536.jpg 1024w, https:\/\/laurencebancaud.com\/wp-content\/uploads\/2023\/05\/2013-JM-Volta-1365x2048.jpg 1365w, https:\/\/laurencebancaud.com\/wp-content\/uploads\/2023\/05\/2013-JM-Volta-8x12.jpg 8w, https:\/\/laurencebancaud.com\/wp-content\/uploads\/2023\/05\/2013-JM-Volta.jpg 1417w\" sizes=\"(max-width: 683px) 100vw, 683px\" \/><\/a><figcaption class=\"wp-element-caption\">2013 \u00a9Jean-Marc Volta<\/figcaption><\/figure>\n\n\n\n<figure class=\"wp-block-image size-large\"><a href=\"https:\/\/laurencebancaud.com\/wp-content\/uploads\/2023\/01\/FB_IMG_1647615231052.jpg\"><img decoding=\"async\" loading=\"lazy\" width=\"1080\" height=\"1620\" data-id=\"239\"  src=\"https:\/\/laurencebancaud.com\/wp-content\/uploads\/2023\/01\/FB_IMG_1647615231052.jpg\" alt=\"\" class=\"wp-image-239\"\/><\/a><figcaption class=\"wp-element-caption\">\u00a9Jean-Marc Volta<\/figcaption><\/figure>\n<\/figure>\n\n\n\n<figure class=\"is-layout-flex wp-block-gallery-3 wp-block-gallery has-nested-images columns-default is-cropped\">\n<figure class=\"wp-block-image size-large\"><a href=\"https:\/\/laurencebancaud.com\/wp-content\/uploads\/2023\/05\/2013-S-Serge-scaled.jpg\"><img decoding=\"async\" loading=\"lazy\" width=\"1024\" height=\"680\" data-id=\"618\"  src=\"https:\/\/laurencebancaud.com\/wp-content\/uploads\/2023\/05\/2013-S-Serge-1024x680.jpg\" alt=\"\" class=\"wp-image-618\" srcset=\"https:\/\/laurencebancaud.com\/wp-content\/uploads\/2023\/05\/2013-S-Serge-1024x680.jpg 1024w, https:\/\/laurencebancaud.com\/wp-content\/uploads\/2023\/05\/2013-S-Serge-300x199.jpg 300w, https:\/\/laurencebancaud.com\/wp-content\/uploads\/2023\/05\/2013-S-Serge-768x510.jpg 768w, https:\/\/laurencebancaud.com\/wp-content\/uploads\/2023\/05\/2013-S-Serge-1536x1020.jpg 1536w, https:\/\/laurencebancaud.com\/wp-content\/uploads\/2023\/05\/2013-S-Serge-2048x1360.jpg 2048w, https:\/\/laurencebancaud.com\/wp-content\/uploads\/2023\/05\/2013-S-Serge-18x12.jpg 18w\" sizes=\"(max-width: 1024px) 100vw, 1024px\" \/><\/a><figcaption class=\"wp-element-caption\">2013 \u00a9Serge Salach<\/figcaption><\/figure>\n<\/figure>\n\n\n\n<figure class=\"wp-block-image size-large is-resized\"><img decoding=\"async\" loading=\"lazy\" src=\"https:\/\/laurencebancaud.com\/wp-content\/uploads\/2026\/01\/Y9A7805-683x1024.jpg\" alt=\"\" class=\"wp-image-945\" width=\"512\" height=\"768\" srcset=\"https:\/\/laurencebancaud.com\/wp-content\/uploads\/2026\/01\/Y9A7805-683x1024.jpg 683w, https:\/\/laurencebancaud.com\/wp-content\/uploads\/2026\/01\/Y9A7805-200x300.jpg 200w, https:\/\/laurencebancaud.com\/wp-content\/uploads\/2026\/01\/Y9A7805-8x12.jpg 8w, https:\/\/laurencebancaud.com\/wp-content\/uploads\/2026\/01\/Y9A7805.jpg 700w\" sizes=\"(max-width: 512px) 100vw, 512px\" \/><figcaption class=\"wp-element-caption\">2025<\/figcaption><\/figure>\n\n\n\n<figure class=\"is-layout-flex wp-block-gallery-5 wp-block-gallery has-nested-images columns-2 is-cropped\">\n<figure class=\"wp-block-image size-large\"><a href=\"https:\/\/laurencebancaud.com\/wp-content\/uploads\/2023\/05\/IMG_4871-a-3-avec-moi-scaled.jpg\"><img decoding=\"async\" loading=\"lazy\" width=\"1024\" height=\"683\" data-id=\"612\"  src=\"https:\/\/laurencebancaud.com\/wp-content\/uploads\/2023\/05\/IMG_4871-a-3-avec-moi-1024x683.jpg\" alt=\"\" class=\"wp-image-612\" srcset=\"https:\/\/laurencebancaud.com\/wp-content\/uploads\/2023\/05\/IMG_4871-a-3-avec-moi-1024x683.jpg 1024w, https:\/\/laurencebancaud.com\/wp-content\/uploads\/2023\/05\/IMG_4871-a-3-avec-moi-300x200.jpg 300w, https:\/\/laurencebancaud.com\/wp-content\/uploads\/2023\/05\/IMG_4871-a-3-avec-moi-768x512.jpg 768w, https:\/\/laurencebancaud.com\/wp-content\/uploads\/2023\/05\/IMG_4871-a-3-avec-moi-1536x1024.jpg 1536w, https:\/\/laurencebancaud.com\/wp-content\/uploads\/2023\/05\/IMG_4871-a-3-avec-moi-2048x1365.jpg 2048w, https:\/\/laurencebancaud.com\/wp-content\/uploads\/2023\/05\/IMG_4871-a-3-avec-moi-18x12.jpg 18w\" sizes=\"(max-width: 1024px) 100vw, 1024px\" \/><\/a><figcaption class=\"wp-element-caption\">2019, avec T\u00e2m-Q\u00f9y, Laurence Bancaud<br>\u00a9Aur\u00e9lie Barb\u00e9<\/figcaption><\/figure>\n\n\n\n<figure class=\"wp-block-image size-large\"><a href=\"https:\/\/laurencebancaud.com\/wp-content\/uploads\/2023\/05\/2013-Horreaux-TQ-Ibarrondo-Serge-scaled.jpg\"><img decoding=\"async\" loading=\"lazy\" width=\"1024\" height=\"683\" data-id=\"616\"  src=\"https:\/\/laurencebancaud.com\/wp-content\/uploads\/2023\/05\/2013-Horreaux-TQ-Ibarrondo-Serge-1024x683.jpg\" alt=\"\" class=\"wp-image-616\" srcset=\"https:\/\/laurencebancaud.com\/wp-content\/uploads\/2023\/05\/2013-Horreaux-TQ-Ibarrondo-Serge-1024x683.jpg 1024w, https:\/\/laurencebancaud.com\/wp-content\/uploads\/2023\/05\/2013-Horreaux-TQ-Ibarrondo-Serge-300x200.jpg 300w, https:\/\/laurencebancaud.com\/wp-content\/uploads\/2023\/05\/2013-Horreaux-TQ-Ibarrondo-Serge-768x512.jpg 768w, https:\/\/laurencebancaud.com\/wp-content\/uploads\/2023\/05\/2013-Horreaux-TQ-Ibarrondo-Serge-1536x1024.jpg 1536w, https:\/\/laurencebancaud.com\/wp-content\/uploads\/2023\/05\/2013-Horreaux-TQ-Ibarrondo-Serge-2048x1365.jpg 2048w, https:\/\/laurencebancaud.com\/wp-content\/uploads\/2023\/05\/2013-Horreaux-TQ-Ibarrondo-Serge-18x12.jpg 18w\" sizes=\"(max-width: 1024px) 100vw, 1024px\" \/><\/a><figcaption class=\"wp-element-caption\">2013, avec Jean Horreaux, T\u00e2m Q\u00f9y, F\u00e9lix Ibarrondo \u00a9Serge Salach<\/figcaption><\/figure>\n\n\n\n<figure class=\"wp-block-image size-large\"><a href=\"https:\/\/laurencebancaud.com\/wp-content\/uploads\/2023\/05\/TA-Hung-TN-Yen-Khe-TQ-JM-Volta.jpg\"><img decoding=\"async\" loading=\"lazy\" width=\"1024\" height=\"683\" data-id=\"613\"  src=\"https:\/\/laurencebancaud.com\/wp-content\/uploads\/2023\/05\/TA-Hung-TN-Yen-Khe-TQ-JM-Volta-1024x683.jpg\" alt=\"\" class=\"wp-image-613\" srcset=\"https:\/\/laurencebancaud.com\/wp-content\/uploads\/2023\/05\/TA-Hung-TN-Yen-Khe-TQ-JM-Volta-1024x683.jpg 1024w, https:\/\/laurencebancaud.com\/wp-content\/uploads\/2023\/05\/TA-Hung-TN-Yen-Khe-TQ-JM-Volta-300x200.jpg 300w, https:\/\/laurencebancaud.com\/wp-content\/uploads\/2023\/05\/TA-Hung-TN-Yen-Khe-TQ-JM-Volta-768x512.jpg 768w, https:\/\/laurencebancaud.com\/wp-content\/uploads\/2023\/05\/TA-Hung-TN-Yen-Khe-TQ-JM-Volta-1536x1024.jpg 1536w, https:\/\/laurencebancaud.com\/wp-content\/uploads\/2023\/05\/TA-Hung-TN-Yen-Khe-TQ-JM-Volta-2048x1365.jpg 2048w, https:\/\/laurencebancaud.com\/wp-content\/uploads\/2023\/05\/TA-Hung-TN-Yen-Khe-TQ-JM-Volta-18x12.jpg 18w\" sizes=\"(max-width: 1024px) 100vw, 1024px\" \/><\/a><figcaption class=\"wp-element-caption\">2013, avec Tran-Anh Hung, Tran Nu Yen-Kh\u00e9, T\u00e2m Q\u00f9y<br>\u00a9Jean-Marc Volta<\/figcaption><\/figure>\n\n\n\n<figure class=\"wp-block-image size-large\"><a href=\"https:\/\/laurencebancaud.com\/wp-content\/uploads\/2023\/05\/2013-HB-JM-Volta.jpg\"><img decoding=\"async\" loading=\"lazy\" width=\"1024\" height=\"683\" data-id=\"615\"  src=\"https:\/\/laurencebancaud.com\/wp-content\/uploads\/2023\/05\/2013-HB-JM-Volta-1024x683.jpg\" alt=\"\" class=\"wp-image-615\" srcset=\"https:\/\/laurencebancaud.com\/wp-content\/uploads\/2023\/05\/2013-HB-JM-Volta-1024x683.jpg 1024w, https:\/\/laurencebancaud.com\/wp-content\/uploads\/2023\/05\/2013-HB-JM-Volta-300x200.jpg 300w, https:\/\/laurencebancaud.com\/wp-content\/uploads\/2023\/05\/2013-HB-JM-Volta-768x512.jpg 768w, https:\/\/laurencebancaud.com\/wp-content\/uploads\/2023\/05\/2013-HB-JM-Volta-1536x1024.jpg 1536w, https:\/\/laurencebancaud.com\/wp-content\/uploads\/2023\/05\/2013-HB-JM-Volta-2048x1365.jpg 2048w, https:\/\/laurencebancaud.com\/wp-content\/uploads\/2023\/05\/2013-HB-JM-Volta-18x12.jpg 18w\" sizes=\"(max-width: 1024px) 100vw, 1024px\" \/><\/a><figcaption class=\"wp-element-caption\">2013, avec H\u00e9l\u00e8ne Breschand<br>\u00a9Jean-Marc Volta<\/figcaption><\/figure>\n\n\n\n<figure class=\"wp-block-image size-large\"><a href=\"https:\/\/laurencebancaud.com\/wp-content\/uploads\/2023\/05\/2013-TA-Hung-JM-Volta.jpg\"><img decoding=\"async\" loading=\"lazy\" width=\"1024\" height=\"683\" data-id=\"603\"  src=\"https:\/\/laurencebancaud.com\/wp-content\/uploads\/2023\/05\/2013-TA-Hung-JM-Volta-1024x683.jpg\" alt=\"\" class=\"wp-image-603\" srcset=\"https:\/\/laurencebancaud.com\/wp-content\/uploads\/2023\/05\/2013-TA-Hung-JM-Volta-1024x683.jpg 1024w, https:\/\/laurencebancaud.com\/wp-content\/uploads\/2023\/05\/2013-TA-Hung-JM-Volta-300x200.jpg 300w, https:\/\/laurencebancaud.com\/wp-content\/uploads\/2023\/05\/2013-TA-Hung-JM-Volta-768x512.jpg 768w, https:\/\/laurencebancaud.com\/wp-content\/uploads\/2023\/05\/2013-TA-Hung-JM-Volta-1536x1024.jpg 1536w, https:\/\/laurencebancaud.com\/wp-content\/uploads\/2023\/05\/2013-TA-Hung-JM-Volta-2048x1365.jpg 2048w, https:\/\/laurencebancaud.com\/wp-content\/uploads\/2023\/05\/2013-TA-Hung-JM-Volta-18x12.jpg 18w\" sizes=\"(max-width: 1024px) 100vw, 1024px\" \/><\/a><figcaption class=\"wp-element-caption\">2013, avec Tran-Anh Hung<br>\u00a9Jean-Marc Volta<\/figcaption><\/figure>\n\n\n\n<figure class=\"wp-block-image size-large\"><a href=\"https:\/\/laurencebancaud.com\/wp-content\/uploads\/2023\/05\/2013-TA-Hung-Horreaux-JM-Volta-scaled.jpg\"><img decoding=\"async\" loading=\"lazy\" width=\"1024\" height=\"680\" data-id=\"604\"  src=\"https:\/\/laurencebancaud.com\/wp-content\/uploads\/2023\/05\/2013-TA-Hung-Horreaux-JM-Volta-1024x680.jpg\" alt=\"\" class=\"wp-image-604\" srcset=\"https:\/\/laurencebancaud.com\/wp-content\/uploads\/2023\/05\/2013-TA-Hung-Horreaux-JM-Volta-1024x680.jpg 1024w, https:\/\/laurencebancaud.com\/wp-content\/uploads\/2023\/05\/2013-TA-Hung-Horreaux-JM-Volta-300x199.jpg 300w, https:\/\/laurencebancaud.com\/wp-content\/uploads\/2023\/05\/2013-TA-Hung-Horreaux-JM-Volta-768x510.jpg 768w, https:\/\/laurencebancaud.com\/wp-content\/uploads\/2023\/05\/2013-TA-Hung-Horreaux-JM-Volta-1536x1020.jpg 1536w, https:\/\/laurencebancaud.com\/wp-content\/uploads\/2023\/05\/2013-TA-Hung-Horreaux-JM-Volta-2048x1360.jpg 2048w, https:\/\/laurencebancaud.com\/wp-content\/uploads\/2023\/05\/2013-TA-Hung-Horreaux-JM-Volta-18x12.jpg 18w\" sizes=\"(max-width: 1024px) 100vw, 1024px\" \/><\/a><figcaption class=\"wp-element-caption\">2013, avec Tran-Anh Hung, Jean Horreaux \u00a9Jean-Marc Volta<\/figcaption><\/figure>\n\n\n\n<figure class=\"wp-block-image size-large\"><a href=\"https:\/\/laurencebancaud.com\/wp-content\/uploads\/2023\/05\/Gargilesse1-18-08-2018-scaled.jpg\"><img decoding=\"async\" loading=\"lazy\" width=\"1024\" height=\"683\" data-id=\"610\"  src=\"https:\/\/laurencebancaud.com\/wp-content\/uploads\/2023\/05\/Gargilesse1-18-08-2018-1024x683.jpg\" alt=\"\" class=\"wp-image-610\" srcset=\"https:\/\/laurencebancaud.com\/wp-content\/uploads\/2023\/05\/Gargilesse1-18-08-2018-1024x683.jpg 1024w, https:\/\/laurencebancaud.com\/wp-content\/uploads\/2023\/05\/Gargilesse1-18-08-2018-300x200.jpg 300w, https:\/\/laurencebancaud.com\/wp-content\/uploads\/2023\/05\/Gargilesse1-18-08-2018-768x512.jpg 768w, https:\/\/laurencebancaud.com\/wp-content\/uploads\/2023\/05\/Gargilesse1-18-08-2018-1536x1024.jpg 1536w, https:\/\/laurencebancaud.com\/wp-content\/uploads\/2023\/05\/Gargilesse1-18-08-2018-2048x1365.jpg 2048w, https:\/\/laurencebancaud.com\/wp-content\/uploads\/2023\/05\/Gargilesse1-18-08-2018-18x12.jpg 18w\" sizes=\"(max-width: 1024px) 100vw, 1024px\" \/><\/a><figcaption class=\"wp-element-caption\">2018, Gargilesse, avec Marine P\u00e9rez, Pauline Bartissol, Fr\u00e9d\u00e9rique Cambreling, Ghislaine Petit-Volta, Laurence Bancaud<br>\u00a9Jean-Marc Volta<\/figcaption><\/figure>\n\n\n\n<figure class=\"wp-block-image size-large\"><a href=\"https:\/\/laurencebancaud.com\/wp-content\/uploads\/2023\/05\/Chatelet-avril-2006-scaled.jpg\"><img decoding=\"async\" loading=\"lazy\" width=\"1024\" height=\"703\" data-id=\"606\"  src=\"https:\/\/laurencebancaud.com\/wp-content\/uploads\/2023\/05\/Chatelet-avril-2006-1024x703.jpg\" alt=\"\" class=\"wp-image-606\" srcset=\"https:\/\/laurencebancaud.com\/wp-content\/uploads\/2023\/05\/Chatelet-avril-2006-1024x703.jpg 1024w, https:\/\/laurencebancaud.com\/wp-content\/uploads\/2023\/05\/Chatelet-avril-2006-300x206.jpg 300w, https:\/\/laurencebancaud.com\/wp-content\/uploads\/2023\/05\/Chatelet-avril-2006-768x527.jpg 768w, https:\/\/laurencebancaud.com\/wp-content\/uploads\/2023\/05\/Chatelet-avril-2006-1536x1055.jpg 1536w, https:\/\/laurencebancaud.com\/wp-content\/uploads\/2023\/05\/Chatelet-avril-2006-2048x1406.jpg 2048w, https:\/\/laurencebancaud.com\/wp-content\/uploads\/2023\/05\/Chatelet-avril-2006-18x12.jpg 18w\" sizes=\"(max-width: 1024px) 100vw, 1024px\" \/><\/a><figcaption class=\"wp-element-caption\">2006, Th\u00e9\u00e2tre du Ch\u00e2telet, avec Christophe Maudot, Patrice Bocquillon, Florent Jodelet, Fr\u00e9d\u00e9ric Baldassare, Jean Sulem, Charles Frey<\/figcaption><\/figure>\n\n\n\n<figure class=\"wp-block-image size-large\"><a href=\"https:\/\/laurencebancaud.com\/wp-content\/uploads\/2023\/01\/Aubervilliers-2019.jpeg\"><img decoding=\"async\" loading=\"lazy\" width=\"640\" height=\"427\" data-id=\"315\"  src=\"https:\/\/laurencebancaud.com\/wp-content\/uploads\/2023\/01\/Aubervilliers-2019.jpeg\" alt=\"\" class=\"wp-image-315\" srcset=\"https:\/\/laurencebancaud.com\/wp-content\/uploads\/2023\/01\/Aubervilliers-2019.jpeg 640w, https:\/\/laurencebancaud.com\/wp-content\/uploads\/2023\/01\/Aubervilliers-2019-300x200.jpeg 300w, https:\/\/laurencebancaud.com\/wp-content\/uploads\/2023\/01\/Aubervilliers-2019-18x12.jpeg 18w\" sizes=\"(max-width: 640px) 100vw, 640px\" \/><\/a><figcaption class=\"wp-element-caption\">2019, avec le Trio Salzedo, Laurence Bancaud<\/figcaption><\/figure>\n\n\n\n<figure class=\"wp-block-image size-large\"><a href=\"https:\/\/laurencebancaud.com\/wp-content\/uploads\/2023\/05\/2019-Saint-Maur-Aurelie-B-scaled.jpg\"><img decoding=\"async\" loading=\"lazy\" width=\"1024\" height=\"683\" data-id=\"605\"  src=\"https:\/\/laurencebancaud.com\/wp-content\/uploads\/2023\/05\/2019-Saint-Maur-Aurelie-B-1024x683.jpg\" alt=\"\" class=\"wp-image-605\" srcset=\"https:\/\/laurencebancaud.com\/wp-content\/uploads\/2023\/05\/2019-Saint-Maur-Aurelie-B-1024x683.jpg 1024w, https:\/\/laurencebancaud.com\/wp-content\/uploads\/2023\/05\/2019-Saint-Maur-Aurelie-B-300x200.jpg 300w, https:\/\/laurencebancaud.com\/wp-content\/uploads\/2023\/05\/2019-Saint-Maur-Aurelie-B-768x512.jpg 768w, https:\/\/laurencebancaud.com\/wp-content\/uploads\/2023\/05\/2019-Saint-Maur-Aurelie-B-1536x1024.jpg 1536w, https:\/\/laurencebancaud.com\/wp-content\/uploads\/2023\/05\/2019-Saint-Maur-Aurelie-B-2048x1365.jpg 2048w, https:\/\/laurencebancaud.com\/wp-content\/uploads\/2023\/05\/2019-Saint-Maur-Aurelie-B-18x12.jpg 18w\" sizes=\"(max-width: 1024px) 100vw, 1024px\" \/><\/a><figcaption class=\"wp-element-caption\">2019, Saint-Maur \u00a9Aur\u00e9lie Barb\u00e9<\/figcaption><\/figure>\n\n\n\n<figure class=\"wp-block-image size-large\"><a href=\"https:\/\/laurencebancaud.com\/wp-content\/uploads\/2023\/05\/IMG_4862photo-du-film-scaled.jpg\"><img decoding=\"async\" loading=\"lazy\" width=\"1024\" height=\"683\" data-id=\"611\"  src=\"https:\/\/laurencebancaud.com\/wp-content\/uploads\/2023\/05\/IMG_4862photo-du-film-1024x683.jpg\" alt=\"\" class=\"wp-image-611\" srcset=\"https:\/\/laurencebancaud.com\/wp-content\/uploads\/2023\/05\/IMG_4862photo-du-film-1024x683.jpg 1024w, https:\/\/laurencebancaud.com\/wp-content\/uploads\/2023\/05\/IMG_4862photo-du-film-300x200.jpg 300w, https:\/\/laurencebancaud.com\/wp-content\/uploads\/2023\/05\/IMG_4862photo-du-film-768x512.jpg 768w, https:\/\/laurencebancaud.com\/wp-content\/uploads\/2023\/05\/IMG_4862photo-du-film-1536x1024.jpg 1536w, https:\/\/laurencebancaud.com\/wp-content\/uploads\/2023\/05\/IMG_4862photo-du-film-2048x1365.jpg 2048w, https:\/\/laurencebancaud.com\/wp-content\/uploads\/2023\/05\/IMG_4862photo-du-film-18x12.jpg 18w\" sizes=\"(max-width: 1024px) 100vw, 1024px\" \/><\/a><figcaption class=\"wp-element-caption\">2019, Saint-Maur \u00a9Aur\u00e9lie Barb\u00e9<\/figcaption><\/figure>\n\n\n\n<figure class=\"wp-block-image size-large\"><a href=\"https:\/\/laurencebancaud.com\/wp-content\/uploads\/2023\/05\/2009-Phu-Xuan-scaled.jpg\"><img decoding=\"async\" loading=\"lazy\" width=\"1024\" height=\"683\" data-id=\"614\"  src=\"https:\/\/laurencebancaud.com\/wp-content\/uploads\/2023\/05\/2009-Phu-Xuan-1024x683.jpg\" alt=\"\" class=\"wp-image-614\" srcset=\"https:\/\/laurencebancaud.com\/wp-content\/uploads\/2023\/05\/2009-Phu-Xuan-1024x683.jpg 1024w, https:\/\/laurencebancaud.com\/wp-content\/uploads\/2023\/05\/2009-Phu-Xuan-300x200.jpg 300w, https:\/\/laurencebancaud.com\/wp-content\/uploads\/2023\/05\/2009-Phu-Xuan-768x512.jpg 768w, https:\/\/laurencebancaud.com\/wp-content\/uploads\/2023\/05\/2009-Phu-Xuan-1536x1024.jpg 1536w, https:\/\/laurencebancaud.com\/wp-content\/uploads\/2023\/05\/2009-Phu-Xuan-2048x1365.jpg 2048w, https:\/\/laurencebancaud.com\/wp-content\/uploads\/2023\/05\/2009-Phu-Xuan-18x12.jpg 18w\" sizes=\"(max-width: 1024px) 100vw, 1024px\" \/><\/a><figcaption class=\"wp-element-caption\">2009, Hu\u00e9, Ensemble Phu Xuan \u00a9Serge Salach<\/figcaption><\/figure>\n\n\n\n<figure class=\"wp-block-image size-large\"><a href=\"https:\/\/laurencebancaud.com\/wp-content\/uploads\/2023\/01\/DE1A4842-Copier.jpg\"><img decoding=\"async\" loading=\"lazy\" width=\"1024\" height=\"683\" data-id=\"418\"  src=\"https:\/\/laurencebancaud.com\/wp-content\/uploads\/2023\/01\/DE1A4842-Copier-1024x683.jpg\" alt=\"\" class=\"wp-image-418\" srcset=\"https:\/\/laurencebancaud.com\/wp-content\/uploads\/2023\/01\/DE1A4842-Copier-1024x683.jpg 1024w, https:\/\/laurencebancaud.com\/wp-content\/uploads\/2023\/01\/DE1A4842-Copier-300x200.jpg 300w, https:\/\/laurencebancaud.com\/wp-content\/uploads\/2023\/01\/DE1A4842-Copier-768x512.jpg 768w, https:\/\/laurencebancaud.com\/wp-content\/uploads\/2023\/01\/DE1A4842-Copier-1536x1024.jpg 1536w, https:\/\/laurencebancaud.com\/wp-content\/uploads\/2023\/01\/DE1A4842-Copier-2048x1365.jpg 2048w, https:\/\/laurencebancaud.com\/wp-content\/uploads\/2023\/01\/DE1A4842-Copier-18x12.jpg 18w\" sizes=\"(max-width: 1024px) 100vw, 1024px\" \/><\/a><figcaption class=\"wp-element-caption\">2014, Montpellier<\/figcaption><\/figure>\n\n\n\n<figure class=\"wp-block-image size-large\"><a href=\"https:\/\/laurencebancaud.com\/wp-content\/uploads\/2023\/05\/Classe-de-Yvonne-Desportes-fugue-1962-63-scaled.jpg\"><img decoding=\"async\" loading=\"lazy\" width=\"1024\" height=\"770\" data-id=\"608\"  src=\"https:\/\/laurencebancaud.com\/wp-content\/uploads\/2023\/05\/Classe-de-Yvonne-Desportes-fugue-1962-63-1024x770.jpg\" alt=\"\" class=\"wp-image-608\" srcset=\"https:\/\/laurencebancaud.com\/wp-content\/uploads\/2023\/05\/Classe-de-Yvonne-Desportes-fugue-1962-63-1024x770.jpg 1024w, https:\/\/laurencebancaud.com\/wp-content\/uploads\/2023\/05\/Classe-de-Yvonne-Desportes-fugue-1962-63-300x226.jpg 300w, https:\/\/laurencebancaud.com\/wp-content\/uploads\/2023\/05\/Classe-de-Yvonne-Desportes-fugue-1962-63-768x578.jpg 768w, https:\/\/laurencebancaud.com\/wp-content\/uploads\/2023\/05\/Classe-de-Yvonne-Desportes-fugue-1962-63-1536x1155.jpg 1536w, https:\/\/laurencebancaud.com\/wp-content\/uploads\/2023\/05\/Classe-de-Yvonne-Desportes-fugue-1962-63-2048x1540.jpg 2048w, https:\/\/laurencebancaud.com\/wp-content\/uploads\/2023\/05\/Classe-de-Yvonne-Desportes-fugue-1962-63-16x12.jpg 16w\" sizes=\"(max-width: 1024px) 100vw, 1024px\" \/><\/a><\/figure>\n\n\n\n<figure class=\"wp-block-image size-large\"><a href=\"https:\/\/laurencebancaud.com\/wp-content\/uploads\/2023\/05\/Classe-de-Noel-Gallon-1960-1961_1-scaled.jpg\"><img decoding=\"async\" loading=\"lazy\" width=\"1024\" height=\"768\" data-id=\"607\"  src=\"https:\/\/laurencebancaud.com\/wp-content\/uploads\/2023\/05\/Classe-de-Noel-Gallon-1960-1961_1-1024x768.jpg\" alt=\"\" class=\"wp-image-607\" srcset=\"https:\/\/laurencebancaud.com\/wp-content\/uploads\/2023\/05\/Classe-de-Noel-Gallon-1960-1961_1-1024x768.jpg 1024w, https:\/\/laurencebancaud.com\/wp-content\/uploads\/2023\/05\/Classe-de-Noel-Gallon-1960-1961_1-300x225.jpg 300w, https:\/\/laurencebancaud.com\/wp-content\/uploads\/2023\/05\/Classe-de-Noel-Gallon-1960-1961_1-768x576.jpg 768w, https:\/\/laurencebancaud.com\/wp-content\/uploads\/2023\/05\/Classe-de-Noel-Gallon-1960-1961_1-1536x1152.jpg 1536w, https:\/\/laurencebancaud.com\/wp-content\/uploads\/2023\/05\/Classe-de-Noel-Gallon-1960-1961_1-2048x1537.jpg 2048w, https:\/\/laurencebancaud.com\/wp-content\/uploads\/2023\/05\/Classe-de-Noel-Gallon-1960-1961_1-16x12.jpg 16w\" sizes=\"(max-width: 1024px) 100vw, 1024px\" \/><\/a><figcaption class=\"wp-element-caption\">1960-61, Paris CNSM classe de No\u00ebl Gallon<\/figcaption><\/figure>\n\n\n\n<figure class=\"wp-block-image size-large\"><a href=\"https:\/\/laurencebancaud.com\/wp-content\/uploads\/2023\/05\/Classe-de-Yvonnes-Desportes-fugue-1961-62.-Paul-Mefano-a-la-droite-de-TTT-Michel-Decoust-debout-5eme-de-droite-Michel-Merlet-debout-6eme-de-droite_1-scaled.jpg\"><img decoding=\"async\" loading=\"lazy\" width=\"1024\" height=\"767\" data-id=\"622\"  src=\"https:\/\/laurencebancaud.com\/wp-content\/uploads\/2023\/05\/Classe-de-Yvonnes-Desportes-fugue-1961-62.-Paul-Mefano-a-la-droite-de-TTT-Michel-Decoust-debout-5eme-de-droite-Michel-Merlet-debout-6eme-de-droite_1-1024x767.jpg\" alt=\"\" class=\"wp-image-622\" srcset=\"https:\/\/laurencebancaud.com\/wp-content\/uploads\/2023\/05\/Classe-de-Yvonnes-Desportes-fugue-1961-62.-Paul-Mefano-a-la-droite-de-TTT-Michel-Decoust-debout-5eme-de-droite-Michel-Merlet-debout-6eme-de-droite_1-1024x767.jpg 1024w, https:\/\/laurencebancaud.com\/wp-content\/uploads\/2023\/05\/Classe-de-Yvonnes-Desportes-fugue-1961-62.-Paul-Mefano-a-la-droite-de-TTT-Michel-Decoust-debout-5eme-de-droite-Michel-Merlet-debout-6eme-de-droite_1-300x225.jpg 300w, https:\/\/laurencebancaud.com\/wp-content\/uploads\/2023\/05\/Classe-de-Yvonnes-Desportes-fugue-1961-62.-Paul-Mefano-a-la-droite-de-TTT-Michel-Decoust-debout-5eme-de-droite-Michel-Merlet-debout-6eme-de-droite_1-768x576.jpg 768w, https:\/\/laurencebancaud.com\/wp-content\/uploads\/2023\/05\/Classe-de-Yvonnes-Desportes-fugue-1961-62.-Paul-Mefano-a-la-droite-de-TTT-Michel-Decoust-debout-5eme-de-droite-Michel-Merlet-debout-6eme-de-droite_1-1536x1151.jpg 1536w, https:\/\/laurencebancaud.com\/wp-content\/uploads\/2023\/05\/Classe-de-Yvonnes-Desportes-fugue-1961-62.-Paul-Mefano-a-la-droite-de-TTT-Michel-Decoust-debout-5eme-de-droite-Michel-Merlet-debout-6eme-de-droite_1-2048x1535.jpg 2048w, https:\/\/laurencebancaud.com\/wp-content\/uploads\/2023\/05\/Classe-de-Yvonnes-Desportes-fugue-1961-62.-Paul-Mefano-a-la-droite-de-TTT-Michel-Decoust-debout-5eme-de-droite-Michel-Merlet-debout-6eme-de-droite_1-16x12.jpg 16w\" sizes=\"(max-width: 1024px) 100vw, 1024px\" \/><\/a><figcaption class=\"wp-element-caption\">1962-63, Paris CNSM classe d&rsquo;Yvonne Desportes : Paul M\u00e9fano (\u00e0 la droite de TTT), Michel Decoust (debout 5\u00e8me de droite), Michel Merlet (debout 6\u00e8me de droite)<\/figcaption><\/figure>\n<\/figure>\n\n\n\n<p><\/p>","protected":false},"excerpt":{"rendered":"","protected":false},"author":1,"featured_media":0,"parent":29,"menu_order":7,"comment_status":"closed","ping_status":"closed","template":"","meta":{"_editorskit_title_hidden":false,"_editorskit_reading_time":0,"_editorskit_is_block_options_detached":false,"_editorskit_block_options_position":"{}"},"_links":{"self":[{"href":"https:\/\/laurencebancaud.com\/en\/wp-json\/wp\/v2\/pages\/135"}],"collection":[{"href":"https:\/\/laurencebancaud.com\/en\/wp-json\/wp\/v2\/pages"}],"about":[{"href":"https:\/\/laurencebancaud.com\/en\/wp-json\/wp\/v2\/types\/page"}],"author":[{"embeddable":true,"href":"https:\/\/laurencebancaud.com\/en\/wp-json\/wp\/v2\/users\/1"}],"replies":[{"embeddable":true,"href":"https:\/\/laurencebancaud.com\/en\/wp-json\/wp\/v2\/comments?post=135"}],"version-history":[{"count":11,"href":"https:\/\/laurencebancaud.com\/en\/wp-json\/wp\/v2\/pages\/135\/revisions"}],"predecessor-version":[{"id":947,"href":"https:\/\/laurencebancaud.com\/en\/wp-json\/wp\/v2\/pages\/135\/revisions\/947"}],"up":[{"embeddable":true,"href":"https:\/\/laurencebancaud.com\/en\/wp-json\/wp\/v2\/pages\/29"}],"wp:attachment":[{"href":"https:\/\/laurencebancaud.com\/en\/wp-json\/wp\/v2\/media?parent=135"}],"curies":[{"name":"wp","href":"https:\/\/api.w.org\/{rel}","templated":true}]}}