{"id":131,"date":"2022-12-29T19:06:29","date_gmt":"2022-12-29T19:06:29","guid":{"rendered":"https:\/\/laurencebancaud.com\/?page_id=131"},"modified":"2024-06-02T19:15:06","modified_gmt":"2024-06-02T19:15:06","slug":"textes","status":"publish","type":"page","link":"https:\/\/laurencebancaud.com\/en\/ton-that-tiet\/textes\/","title":{"rendered":"Writings"},"content":{"rendered":"<h2>notes of works<\/h2>\n\n\n\n<div class=\"wp-block-file\"><a id=\"wp-block-file--media-c60ebc38-7afb-487f-aebd-dbac172b6f58\" href=\"https:\/\/laurencebancaud.com\/wp-content\/uploads\/2023\/02\/Xuan-Thu.pdf\" target=\"_blank\" rel=\"noreferrer noopener\"><mark style=\"background-color:rgba(0, 0, 0, 0)\" class=\"has-inline-color has-ti-accent-color\">Xu\u00e2n Thu<\/mark><\/a><\/div>\n\n\n\n<div class=\"wp-block-file\"><a id=\"wp-block-file--media-0162f2f0-1113-40c5-9300-afef0eb73f21\" href=\"https:\/\/laurencebancaud.com\/wp-content\/uploads\/2023\/02\/Hoang-Dziep.pdf\" target=\"_blank\" rel=\"noreferrer noopener\"><mark style=\"background-color:rgba(0, 0, 0, 0)\" class=\"has-inline-color has-ti-accent-color\">Hoang Dzi\u00eap<\/mark><\/a><\/div>\n\n\n\n<div class=\"wp-block-file\"><a id=\"wp-block-file--media-9837bdd0-2957-462d-bf1a-f481be7f1bfb\" href=\"https:\/\/laurencebancaud.com\/wp-content\/uploads\/2023\/02\/Sept-Pas-Lotus.pdf\" target=\"_blank\" rel=\"noreferrer noopener\"><mark style=\"background-color:rgba(0, 0, 0, 0)\" class=\"has-inline-color has-ti-accent-color\">Sept pas lotus<\/mark><\/a><\/div>\n\n\n\n<div class=\"wp-block-file\"><a id=\"wp-block-file--media-40cff368-d17f-4f4e-a954-f6aacc14638d\" href=\"https:\/\/laurencebancaud.com\/wp-content\/uploads\/2023\/02\/Hoi-Ky.pdf\" target=\"_blank\" rel=\"noreferrer noopener\"><mark style=\"background-color:rgba(0, 0, 0, 0)\" class=\"has-inline-color has-ti-accent-color\">H\u00f4i Ky<\/mark><\/a><\/div>\n\n\n\n<div class=\"wp-block-file\"><a id=\"wp-block-file--media-a25134dd-bee0-48fc-b8ba-43c91f3ac287\" href=\"https:\/\/laurencebancaud.com\/wp-content\/uploads\/2023\/02\/Foret-de-Gargilesse.pdf\" target=\"_blank\" rel=\"noreferrer noopener\"><mark style=\"background-color:rgba(0, 0, 0, 0)\" class=\"has-inline-color has-ti-accent-color\">For\u00eat de Gargilesse<\/mark><\/a><\/div>\n\n\n\n<div class=\"wp-block-file\"><a id=\"wp-block-file--media-24a9e460-8acc-4a1a-8429-aa7e2d74fc46\" href=\"https:\/\/laurencebancaud.com\/wp-content\/uploads\/2023\/02\/Horizon-nordique.docx-1.pdf\" target=\"_blank\" rel=\"noreferrer noopener\"><mark style=\"background-color:rgba(0, 0, 0, 0)\" class=\"has-inline-color has-ti-accent-color\">Horizon nordique<\/mark><\/a><\/div>\n\n\n\n<div class=\"wp-block-file\"><a id=\"wp-block-file--media-0125e0c0-cbbf-4e31-a085-98fb2e8e6552\" href=\"https:\/\/laurencebancaud.com\/wp-content\/uploads\/2023\/02\/Aurore-de-Savoie.docx-1.pdf\" target=\"_blank\" rel=\"noreferrer noopener\"><mark style=\"background-color:rgba(0, 0, 0, 0)\" class=\"has-inline-color has-ti-accent-color\">Aurore de Savoie<\/mark><\/a><\/div>\n\n\n\n<div class=\"wp-block-file\"><a id=\"wp-block-file--media-efe8f3df-c586-4baf-8af7-f269259d71dc\" href=\"https:\/\/laurencebancaud.com\/wp-content\/uploads\/2023\/01\/texte-Memoire-des-sons.docx.pdf\" target=\"_blank\" rel=\"noreferrer noopener\"><mark style=\"background-color:rgba(0, 0, 0, 0)\" class=\"has-inline-color has-ti-accent-color\">M\u00e9moire des sons<\/mark><\/a><\/div>\n\n\n\n<div class=\"wp-block-file\"><a id=\"wp-block-file--media-e7f7eb66-31fd-423e-84f1-6aa4a08a43cb\" href=\"https:\/\/laurencebancaud.com\/wp-content\/uploads\/2023\/01\/Images-du-Temps.docx.pdf\" target=\"_blank\" rel=\"noreferrer noopener\"><mark style=\"background-color:rgba(0, 0, 0, 0)\" class=\"has-inline-color has-ti-accent-color\">Images du Temps<\/mark><\/a><\/div>\n\n\n\n<div class=\"wp-block-file\"><a id=\"wp-block-file--media-de93f095-7eb6-4382-9312-f755e8f5d62c\" href=\"https:\/\/laurencebancaud.com\/wp-content\/uploads\/2023\/02\/Trois-Intermezzi.docx.pdf\" target=\"_blank\" rel=\"noreferrer noopener\"><mark style=\"background-color:rgba(0, 0, 0, 0)\" class=\"has-inline-color has-ti-accent-color\">Trois Intermezzi<\/mark><\/a><\/div>\n\n\n\n<div style=\"height:40px\" aria-hidden=\"true\" class=\"wp-block-spacer\"><\/div>\n\n\n\n<h2 class=\"has-x-large-font-size\">analyses<\/h2>\n\n\n\n<h2 class=\"wp-elements-1264b6e6c8a784dffdc52179994faffd has-link-color has-small-font-size\"><a rel=\"noreferrer noopener\" href=\"https:\/\/laurencebancaud.com\/wp-content\/uploads\/2023\/02\/Chu-Ky-analyse.pdf\" data-type=\"URL\" data-id=\"https:\/\/laurencebancaud.com\/wp-content\/uploads\/2023\/02\/Chu-Ky-analyse.pdf\" target=\"_blank\">Chu <\/a>K<a rel=\"noreferrer noopener\" href=\"https:\/\/laurencebancaud.com\/wp-content\/uploads\/2023\/02\/Chu-Ky-analyse.pdf\" data-type=\"URL\" data-id=\"https:\/\/laurencebancaud.com\/wp-content\/uploads\/2023\/02\/Chu-Ky-analyse.pdf\" target=\"_blank\">y<\/a><br><a href=\"https:\/\/laurencebancaud.com\/wp-content\/uploads\/2023\/08\/The-Interplay-of-the-Five-elements-anglais.docx.pdf\" data-type=\"URL\" data-id=\"https:\/\/laurencebancaud.com\/wp-content\/uploads\/2023\/08\/Jeu-des-Cinq-Elements.pdf\" target=\"_blank\" rel=\"noreferrer noopener\">Jeu des Cinq \u00c9l\u00e9ments<\/a><\/h2>\n\n\n\n<h2>CD booklets<\/h2>\n\n\n\n<div class=\"wp-block-file\"><a id=\"wp-block-file--media-7e6304e6-9787-4b12-ae05-5beaf028d6b7\" href=\"https:\/\/laurencebancaud.com\/wp-content\/uploads\/2023\/02\/ang.-livret-CD-EIC.pdf\" target=\"_blank\" rel=\"noreferrer noopener\"><mark style=\"background-color:rgba(0, 0, 0, 0)\" class=\"has-inline-color has-ti-accent-color\">solistes de l&rsquo;EIC &#8211; REM\/MFA 1994 : Ni\u00eam \/ Trung Dzuong \/ M\u00e9tal-Terre-Eau \/ Terre-Feu \/ Jeu des Cinq \u00c9l\u00e9ments I \/\u00a0 Jeu des Cinq \u00c9l\u00e9ments II<\/mark>I<\/a><\/div>\n\n\n\n<div class=\"wp-block-file\"><a id=\"wp-block-file--media-e71e16ba-0705-4959-a251-92514ee63787\" href=\"https:\/\/laurencebancaud.com\/wp-content\/uploads\/2023\/02\/ang.-livret-CD-Dialogue.pdf\" target=\"_blank\" rel=\"noreferrer noopener\"><mark style=\"background-color:rgba(0, 0, 0, 0)\" class=\"has-inline-color has-ti-accent-color\">Dialogue avec la nature &#8211; Calliope 1999 : Dialogue avec la nature \/ V\u00f4-Vi \/ Pr\u00e9ludes \u00e0 un dialogue<\/mark> <\/a><\/div>\n\n\n\n<div class=\"wp-block-file\"><a id=\"wp-block-file--media-d308e1f1-d17d-4396-ae60-0f7c2170206b\" href=\"https:\/\/laurencebancaud.com\/wp-content\/uploads\/2023\/02\/ang.-livret-CD-Trio-Salzedo.pdf\" target=\"_blank\" rel=\"noreferrer noopener\"><mark style=\"background-color:rgba(0, 0, 0, 0)\" class=\"has-inline-color has-ti-accent-color\">Trio Salzedo &#8211; 2019 : Incarnations structurales \/ Chu Ky III \/ The endless murmuring I \/ Le tombeau de\u00a0 Christian Lard\u00e9 \/ Th\u00fay L\u00e2m V\u00f4 \/ M\u00e9moire des sons<strong><em>\u00a0<\/em><\/strong><\/mark> <\/a><\/div>\n\n\n\n<div class=\"wp-block-file\"><a id=\"wp-block-file--media-9cba5e9e-b158-4fef-a97e-f743512a21fd\" href=\"https:\/\/laurencebancaud.com\/wp-content\/uploads\/2023\/02\/ang.-livret-CD-Hue-1.pdf\" target=\"_blank\" rel=\"noreferrer noopener\"><mark style=\"background-color:rgba(0, 0, 0, 0)\" class=\"has-inline-color has-ti-accent-color\">Musique de Hu\u00e9<\/mark><\/a><\/div>\n\n\n\n<div style=\"height:40px\" aria-hidden=\"true\" class=\"wp-block-spacer\"><\/div>\n\n\n\n<h2>articles<\/h2>\n\n\n\n<p class=\"wp-elements-b35f5710fd1753469ea454855eaa54d7 has-link-color\"><a href=\"https:\/\/laurencebancaud.com\/wp-content\/uploads\/2024\/06\/article-magazine-AIH-en-anglais.pdf\" data-type=\"URL\" data-id=\"https:\/\/laurencebancaud.com\/wp-content\/uploads\/2024\/06\/article-magazine-AIH-n\u00b0612-hiver-2023-2024.pdf\" target=\"_blank\" rel=\"noreferrer noopener\">T\u00f4n-Th\u00e2t Ti\u00eat and his music for harp<\/a><\/p>\n\n\n\n<p class=\"wp-elements-21906fde1285106a1feda4028245157f has-link-color\"><a rel=\"noreferrer noopener\" href=\"https:\/\/laurencebancaud.com\/wp-content\/uploads\/2024\/06\/article-Traversiere-n\u00b0148-2024.pdf\" data-type=\"URL\" data-id=\"https:\/\/laurencebancaud.com\/wp-content\/uploads\/2024\/06\/article-Traversiere-n\u00b0148-2024.pdf\" target=\"_blank\">T\u00f4n-Th\u00e2t Ti\u00eat et sa musique pour fl\u00fbte<\/a>. Article paru dans <a href=\"https:\/\/latraversiere.fr\/boutique\/traversieres-magazine\/traversieres-magazine-n148\/\" data-type=\"URL\" data-id=\"https:\/\/latraversiere.fr\/boutique\/traversieres-magazine\/traversieres-magazine-n148\/\">Traversi\u00e8res magazine n\u00b0148 &#8211; premier trimestre 2024<\/a><\/p>\n\n\n\n<h2>concert programmes<\/h2>\n\n\n\n<div class=\"wp-block-file\"><a id=\"wp-block-file--media-4153afee-c2b4-493a-82d7-a07dbdbff6fb\" href=\"https:\/\/laurencebancaud.com\/wp-content\/uploads\/2023\/01\/Presentation-concerts-de-Caen.docx.pdf\" target=\"_blank\" rel=\"noreferrer noopener\"><mark style=\"background-color:rgba(0, 0, 0, 0)\" class=\"has-inline-color has-ti-accent-color\">Festival Aspects &#8211; Caen mars 2021<\/mark><\/a><\/div>\n\n\n\n<figure class=\"wp-block-embed is-type-video is-provider-youtube wp-block-embed-youtube wp-embed-aspect-16-9 wp-has-aspect-ratio\"><div class=\"wp-block-embed__wrapper\">\n<iframe loading=\"lazy\" title=\"Avant-sc\u00e8ne #1 - Aspects des Musiques d&#039;Aujourd&#039;hui 2021 | Conservatoire &amp; Orchestre de Caen\" width=\"500\" height=\"281\" src=\"https:\/\/www.youtube.com\/embed\/zO0K9d1XfpM?feature=oembed\" frameborder=\"0\" allow=\"accelerometer; autoplay; clipboard-write; encrypted-media; gyroscope; picture-in-picture; web-share\" referrerpolicy=\"strict-origin-when-cross-origin\" allowfullscreen><\/iframe>\n<\/div><\/figure>\n\n\n\n<figure class=\"wp-block-embed is-type-video is-provider-youtube wp-block-embed-youtube wp-embed-aspect-16-9 wp-has-aspect-ratio\"><div class=\"wp-block-embed__wrapper\">\n<iframe loading=\"lazy\" title=\"Avant-sc\u00e8ne #2 - Aspects des Musiques d&#039;Aujourd&#039;hui 2021 | Conservatoire &amp; Orchestre de Caen\" width=\"500\" height=\"281\" src=\"https:\/\/www.youtube.com\/embed\/NIoXyA1BkwA?feature=oembed\" frameborder=\"0\" allow=\"accelerometer; autoplay; clipboard-write; encrypted-media; gyroscope; picture-in-picture; web-share\" referrerpolicy=\"strict-origin-when-cross-origin\" allowfullscreen><\/iframe>\n<\/div><\/figure>\n\n\n\n<figure class=\"wp-block-embed is-type-video is-provider-youtube wp-block-embed-youtube wp-embed-aspect-16-9 wp-has-aspect-ratio\"><div class=\"wp-block-embed__wrapper\">\n<iframe loading=\"lazy\" title=\"Avant-sc\u00e8ne #3 - Aspects des Musiques d&#039;Aujourd&#039;hui 2021 | Conservatoire &amp; Orchestre de Caen\" width=\"500\" height=\"281\" src=\"https:\/\/www.youtube.com\/embed\/oMUEWBoaQcU?feature=oembed\" frameborder=\"0\" allow=\"accelerometer; autoplay; clipboard-write; encrypted-media; gyroscope; picture-in-picture; web-share\" referrerpolicy=\"strict-origin-when-cross-origin\" allowfullscreen><\/iframe>\n<\/div><\/figure>\n\n\n\n<figure class=\"wp-block-embed is-type-video is-provider-youtube wp-block-embed-youtube wp-embed-aspect-16-9 wp-has-aspect-ratio\"><div class=\"wp-block-embed__wrapper\">\n<iframe loading=\"lazy\" title=\"Concert #4 - Aspects des Musiques d&#039;Aujourd&#039;hui 2021 | Conservatoire &amp; Orchestre de Caen\" width=\"500\" height=\"281\" src=\"https:\/\/www.youtube.com\/embed\/TrMGPVQngxA?feature=oembed\" frameborder=\"0\" allow=\"accelerometer; autoplay; clipboard-write; encrypted-media; gyroscope; picture-in-picture; web-share\" referrerpolicy=\"strict-origin-when-cross-origin\" allowfullscreen><\/iframe>\n<\/div><\/figure>","protected":false},"excerpt":{"rendered":"<p>notices d\u2019\u0153uvres analyses Chu KyJeu des Cinq \u00c9l\u00e9ments livrets de CD articles T\u00f4n-Th\u00e2t Ti\u00eat et sa musique pour harpe. Article paru dans le magazine de l&rsquo;AIHAH n\u00b061.2 &#8211; Hiver 2023\/2024 T\u00f4n-Th\u00e2t Ti\u00eat et sa musique pour fl\u00fbte. Article paru dans Traversi\u00e8res magazine n\u00b0148 &#8211; premier trimestre 2024 programmes de concerts<\/p>","protected":false},"author":1,"featured_media":0,"parent":29,"menu_order":5,"comment_status":"closed","ping_status":"closed","template":"","meta":{"_editorskit_title_hidden":false,"_editorskit_reading_time":0,"_editorskit_is_block_options_detached":false,"_editorskit_block_options_position":"{}"},"_links":{"self":[{"href":"https:\/\/laurencebancaud.com\/en\/wp-json\/wp\/v2\/pages\/131"}],"collection":[{"href":"https:\/\/laurencebancaud.com\/en\/wp-json\/wp\/v2\/pages"}],"about":[{"href":"https:\/\/laurencebancaud.com\/en\/wp-json\/wp\/v2\/types\/page"}],"author":[{"embeddable":true,"href":"https:\/\/laurencebancaud.com\/en\/wp-json\/wp\/v2\/users\/1"}],"replies":[{"embeddable":true,"href":"https:\/\/laurencebancaud.com\/en\/wp-json\/wp\/v2\/comments?post=131"}],"version-history":[{"count":16,"href":"https:\/\/laurencebancaud.com\/en\/wp-json\/wp\/v2\/pages\/131\/revisions"}],"predecessor-version":[{"id":757,"href":"https:\/\/laurencebancaud.com\/en\/wp-json\/wp\/v2\/pages\/131\/revisions\/757"}],"up":[{"embeddable":true,"href":"https:\/\/laurencebancaud.com\/en\/wp-json\/wp\/v2\/pages\/29"}],"wp:attachment":[{"href":"https:\/\/laurencebancaud.com\/en\/wp-json\/wp\/v2\/media?parent=131"}],"curies":[{"name":"wp","href":"https:\/\/api.w.org\/{rel}","templated":true}]}}