{"id":129,"date":"2022-12-29T19:06:16","date_gmt":"2022-12-29T19:06:16","guid":{"rendered":"https:\/\/laurencebancaud.com\/?page_id=129"},"modified":"2024-12-01T16:46:32","modified_gmt":"2024-12-01T16:46:32","slug":"entretiens","status":"publish","type":"page","link":"https:\/\/laurencebancaud.com\/en\/ton-that-tiet\/entretiens\/","title":{"rendered":"Conversations"},"content":{"rendered":"<p><\/p>\n\n\n\n<div class=\"is-layout-flex wp-block-buttons\">\n<div class=\"wp-block-button\"><a class=\"wp-block-button__link wp-element-button\" href=\"https:\/\/laurencebancaud.com\/wp-content\/uploads\/2023\/10\/Interview-dated-14_02_1996.pdf\" target=\"_blank\" rel=\"noreferrer noopener\">conversation 14.02.1996<\/a><\/div>\n<\/div>\n\n\n\n<p>entretien du 14\/02\/1996 r\u00e9alis\u00e9 aux \u00e9ditions Jobert, 76 rue Quincampoix 75003 Paris<br><br><a href=\"https:\/\/laurencebancaud.com\/wp-content\/uploads\/2024\/12\/entretien-14021996-extrait1.mp3\" data-type=\"URL\" data-id=\"https:\/\/laurencebancaud.com\/wp-content\/uploads\/2024\/12\/entretien-14021996-extrait1.mp3\">extrait audio 1<\/a><\/p>\n\n\n\n<p>sujets abord\u00e9s : Musique de film\u00a0; L\u2019Odeur de la Papaye Verte\u00a0; Pr\u00e9ludes \u00e0 un Dialogue\u00a0; m\u00e9ditation\u00a0; bouddhisme\u00a0; Cyclo\u00a0; Scelsi\u00a0; id\u00e9e \u00e0 exprimer, sens de la musique\u00a0; Eloy\u00a0; Cage\u00a0; Ligeti\u00a0; Messiaen\u00a0; Ohana\u00a0; Boulez\u00a0; Stockhausen\u00a0; Ferneyhough\u00a0; orchestration\u00a0; Rihm\u00a0; r\u00f4le de la musique\u00a0; polarit\u00e9s sur une note\u00a0; tao\u00efsme\u00a0; silence\u00a0; Ta\u00efra\u00a0; N\u00f4\u00a0; Takemitsu\u00a0; Chu Ky I et III\u00a0; Ni\u00eam\u00a0; texte de Pr\u00e9ludes \u00e0 un Dialogue\u00a0; musique de l\u2019Inde\u00a0; temps\u00a0lin\u00e9aire, temps global, non-temps ; Tchouang Tseu<br><br><a rel=\"noreferrer noopener\" href=\"https:\/\/laurencebancaud.com\/wp-content\/uploads\/2024\/12\/entretien-14021996-extrait2.mp3\" data-type=\"URL\" data-id=\"https:\/\/laurencebancaud.com\/wp-content\/uploads\/2024\/12\/entretien-14021996-extrait2.mp3\" target=\"_blank\">extrait audio 2<\/a><\/p>\n\n\n\n<p>sujets abord\u00e9s : Nostalgie du Vietnam\u00a0; musique de Hu\u00e9\u00a0; percussions\u00a0; Dang Phung Vu\u00a0; orchestration\u00a0; automne\u00a0; alto et orchestre\u00a0; Dialogue avec la nature\u00a0; couleur de Hu\u00e9\u00a0; orchestration transparente\u00a0; utilisation des percussions\u00a0; Kiem Ai\u00a0; Le Chemin de Bouddha\u00a0; Moments rituels I\u00a0; Chu Ky I\u00a0; silence\u00a0; bouddhisme\u00a0; Nirvana-Symphony, de Toshiro Mayuzumi\u00a0; musique qui exprime\u00a0; sens de l\u2019\u00e9criture\u00a0; Nunes\u00a0; texte de Prajna Paramita\u00a0; la mort\u00a0; tao\u00efsme\u00a0; op\u00e9ra\u00a0; Nguyen Thien Dao<\/p>\n\n\n\n<div class=\"is-layout-flex wp-block-buttons\">\n<div class=\"wp-block-button\"><a class=\"wp-block-button__link wp-element-button\" href=\"https:\/\/laurencebancaud.com\/wp-content\/uploads\/2023\/02\/conversation-09.01.2007.docx.pdf\" target=\"_blank\" rel=\"noreferrer noopener\">conversation 09.01.2007<\/a><\/div>\n<\/div>\n\n\n\n<p>entretien du 09\/01\/2007 r\u00e9alis\u00e9 aux \u00e9ditions Jobert<br><br><a rel=\"noreferrer noopener\" href=\"https:\/\/laurencebancaud.com\/wp-content\/uploads\/2024\/12\/entretien-09012007-extrait1-1.mp3\" data-type=\"URL\" data-id=\"https:\/\/laurencebancaud.com\/wp-content\/uploads\/2024\/12\/entretien-09012007-extrait1-1.mp3\" target=\"_blank\">extrait audio 1<\/a><\/p>\n\n\n\n<p>Jeunesse\u00a0; \u00e9tudes\u00a0; \u00c9cole Normale\u00a0; Mme Honegger\u00a0; Yvonne Desportes ; No\u00ebl Gallon\u00a0; CNSMP\u00a0; Rivier\u00a0; Jolivet\u00a0; Messiaen\u00a0; amiti\u00e9s\u00a0; Ohana\u00a0; \u00e9ditions Jobert\u00a0; Boulez<br><br><a rel=\"noreferrer noopener\" href=\"https:\/\/laurencebancaud.com\/wp-content\/uploads\/2024\/12\/entretien-09012007-extrait2.mp3\" data-type=\"URL\" data-id=\"https:\/\/laurencebancaud.com\/wp-content\/uploads\/2024\/12\/entretien-09012007-extrait2.mp3\" target=\"_blank\">extrait audio 2<\/a><\/p>\n\n\n\n<p>Penderecki\u00a0; Hy Vong 14\u00a0; blocs sonores\u00a0; Webern\u00a0; 5 pi\u00e8ces pour hautbois et piano\u00a0; 3 pi\u00e8ces pour piano\u00a0; Dutilleux\u00a0; guerre du Viet Nam\u00a0; guerre \u00e0 Hu\u00e9\u00a0; offensive du T\u00eat\u00a0; famille\u00a0; Les Jardins d\u2019autre monde\u00a0; percussions\u00a0; Po\u00e8mes\u00a0; Ca tr\u00f9\u00a0; Chants d\u2019ivresse\u00a0; Paroles du Feu<\/p>\n\n\n\n<div class=\"is-layout-flex wp-block-buttons\">\n<div class=\"wp-block-button\"><a class=\"wp-block-button__link wp-element-button\" href=\"https:\/\/laurencebancaud.com\/wp-content\/uploads\/2023\/02\/Documentary-subtitles.docx.pdf\" target=\"_blank\" rel=\"noreferrer noopener\">documentary \"...and the river flows...\"<\/a><\/div>\n<\/div>","protected":false},"excerpt":{"rendered":"<p>entretien du 14\/02\/1996 r\u00e9alis\u00e9 aux \u00e9ditions Jobert, 76 rue Quincampoix 75003 Paris extrait audio 1 sujets abord\u00e9s : Musique de film\u00a0; L\u2019Odeur de la Papaye Verte\u00a0; Pr\u00e9ludes \u00e0 un Dialogue\u00a0; m\u00e9ditation\u00a0; bouddhisme\u00a0; Cyclo\u00a0; Scelsi\u00a0; id\u00e9e \u00e0 exprimer, sens de la musique\u00a0; Eloy\u00a0; Cage\u00a0; Ligeti\u00a0; Messiaen\u00a0; Ohana\u00a0; Boulez\u00a0; Stockhausen\u00a0; Ferneyhough\u00a0; orchestration\u00a0; Rihm\u00a0; r\u00f4le de la musique\u00a0; [&hellip;]<\/p>","protected":false},"author":1,"featured_media":0,"parent":29,"menu_order":4,"comment_status":"closed","ping_status":"closed","template":"","meta":{"_editorskit_title_hidden":false,"_editorskit_reading_time":0,"_editorskit_is_block_options_detached":false,"_editorskit_block_options_position":"{}"},"_links":{"self":[{"href":"https:\/\/laurencebancaud.com\/en\/wp-json\/wp\/v2\/pages\/129"}],"collection":[{"href":"https:\/\/laurencebancaud.com\/en\/wp-json\/wp\/v2\/pages"}],"about":[{"href":"https:\/\/laurencebancaud.com\/en\/wp-json\/wp\/v2\/types\/page"}],"author":[{"embeddable":true,"href":"https:\/\/laurencebancaud.com\/en\/wp-json\/wp\/v2\/users\/1"}],"replies":[{"embeddable":true,"href":"https:\/\/laurencebancaud.com\/en\/wp-json\/wp\/v2\/comments?post=129"}],"version-history":[{"count":19,"href":"https:\/\/laurencebancaud.com\/en\/wp-json\/wp\/v2\/pages\/129\/revisions"}],"predecessor-version":[{"id":801,"href":"https:\/\/laurencebancaud.com\/en\/wp-json\/wp\/v2\/pages\/129\/revisions\/801"}],"up":[{"embeddable":true,"href":"https:\/\/laurencebancaud.com\/en\/wp-json\/wp\/v2\/pages\/29"}],"wp:attachment":[{"href":"https:\/\/laurencebancaud.com\/en\/wp-json\/wp\/v2\/media?parent=129"}],"curies":[{"name":"wp","href":"https:\/\/api.w.org\/{rel}","templated":true}]}}