{"id":125,"date":"2022-12-29T19:05:49","date_gmt":"2022-12-29T19:05:49","guid":{"rendered":"https:\/\/laurencebancaud.com\/?page_id=125"},"modified":"2023-02-16T20:11:15","modified_gmt":"2023-02-16T20:11:15","slug":"livres","status":"publish","type":"page","link":"https:\/\/laurencebancaud.com\/en\/ton-that-tiet\/livres\/","title":{"rendered":"Books"},"content":{"rendered":"<div class=\"is-layout-flex wp-container-2 wp-block-columns\">\n<div class=\"is-layout-flow wp-block-column\" style=\"flex-basis:100%\">\n<figure class=\"wp-block-image size-full is-resized has-custom-border\"><img decoding=\"async\" loading=\"lazy\" src=\"https:\/\/laurencebancaud.com\/wp-content\/uploads\/2023\/01\/Livre_Ton-That-Tiet-1.jpg\" alt=\"\" class=\"wp-image-233\" style=\"border-width:1px\" width=\"513\" height=\"791\"\/><figcaption class=\"wp-element-caption\"><em>.<\/em>, Paris, Cig&rsquo;art \u00e9dition, 2010.<\/figcaption><\/figure>\n<\/div>\n<\/div>\n\n\n\n<div class=\"is-layout-flex wp-container-5 wp-block-columns\">\n<div class=\"is-layout-flow wp-block-column\">\n<p class=\"has-medium-font-size\"><strong>Blurb on book jacket<\/strong><\/p>\n\n\n\n<p class=\" translation-block\">T\u00f4n-Th\u00e2t Ti\u00eat was born in 1933 in Vietnam\u2019s former capital city of Hu\u00e9, and studied composion in Paris with Jean Rivier and Andr\u00e9 Jolivet. He was instructed in European writing techniques in the early sixties and developed his  own style which is permeated with Webern and Penderecki as well as with his own Vietnamese heritage, namely the colours and rhythms of traditional music, oriental philosophies, spiritualism and a different conception of time...\n\nAs an avid reader of the Chinese philosopher Tchouang-Tseu and the 8th century poets Li po, Tou Fou and Wang Wei, T\u00f4n-Th\u00e2t Ti\u00eat is imbued with Taoism and Buddhism, pursuing the dream of a close relationship with nature.<\/p>\n<\/div>\n\n\n\n<div class=\"is-layout-flow wp-block-column\">\n<p class=\"has-medium-font-size\"><strong>Sommaire <\/strong><\/p>\n\n\n\n<p class=\"has-normal-font-size\">Pr\u00e9face de Mich\u00e8le Reverdy <br>Avant propos <br>Conversations <br>M\u00e9moire d\u2019enfance <br>Les ann\u00e9es de formation \u00e0 Paris (1958-1967) Regards d\u2019amiti\u00e9 <br>Premi\u00e8res \u0153uvres (de 1965 \u00e0 1976) <br>De 1976 \u00e0 1995 : le chant int\u00e9rieur <br>Depuis 1995 : vers la Nature <br>L\u2019attachement au pays natal, le Vietnam Annexe 1 : caract\u00e9ristiques musicales de l\u2019univers de T\u00f4n-Th\u00e2t Ti\u00eat  <br>     La conception du son <br>     La couleur instrumentale  <br>     L\u2019influence de la technique de percussion utilis\u00e9e dans la musique traditionnelle vietnamienne  <br>      Le yin et le yang  <br>      Effet de masse sonore et transparence       <br>      \u00c9criture vocale <br>Annexe 2 : Chu ky, \u00e9l\u00e9ments d\u2019analyse Annexe 3 : Jeu des Cinq \u00c9l\u00e9ments, \u00e9l\u00e9ments d\u2019analyse <br>Annexe 4 : Paroles du Feu, \u00e9l\u00e9ments d\u2019analyse <br>Annexe 5 : Po\u00e8mes choisis <br>Glossaire <br>Catalogue&nbsp; <br>Discographie des \u0153uvres de T\u00f4n-Th\u00e2t Ti\u00eat Bibliographie <br>Index des \u0153uvres cit\u00e9es <br>Index des noms cit\u00e9s<\/p>\n<\/div>\n<\/div>\n\n\n\n<p class=\"has-large-font-size\"><\/p>\n\n\n\n<div class=\"is-layout-flex wp-container-8 wp-block-columns\">\n<div class=\"is-layout-flow wp-block-column\" style=\"flex-basis:33.33%\">\n<figure class=\"wp-block-image size-large\"><img decoding=\"async\" loading=\"lazy\" width=\"712\" height=\"1024\" src=\"https:\/\/laurencebancaud.com\/wp-content\/uploads\/2023\/01\/livre-Jobert-712x1024.jpg\" alt=\"\" class=\"wp-image-461\" srcset=\"https:\/\/laurencebancaud.com\/wp-content\/uploads\/2023\/01\/livre-Jobert-712x1024.jpg 712w, https:\/\/laurencebancaud.com\/wp-content\/uploads\/2023\/01\/livre-Jobert-209x300.jpg 209w, https:\/\/laurencebancaud.com\/wp-content\/uploads\/2023\/01\/livre-Jobert-768x1104.jpg 768w, https:\/\/laurencebancaud.com\/wp-content\/uploads\/2023\/01\/livre-Jobert-1069x1536.jpg 1069w, https:\/\/laurencebancaud.com\/wp-content\/uploads\/2023\/01\/livre-Jobert-1425x2048.jpg 1425w, https:\/\/laurencebancaud.com\/wp-content\/uploads\/2023\/01\/livre-Jobert-8x12.jpg 8w, https:\/\/laurencebancaud.com\/wp-content\/uploads\/2023\/01\/livre-Jobert-scaled.bmp 1781w\" sizes=\"(max-width: 712px) 100vw, 712px\" \/><\/figure>\n<\/div>\n\n\n\n<div class=\"is-layout-flow wp-block-column\" style=\"flex-basis:66.66%\">\n<p><strong>Table des mati\u00e8res<\/strong><br>Pr\u00e9face<br><em>La technique occidentale<\/em><br>      La d\u00e9couverte de la vie musicale \u00e0 Paris<br>      La mati\u00e8re sonore<br>            L&rsquo;instrumentation<br>            Le traitement de la voix<br>      Les techniques d&rsquo;\u00e9criture<br>            Musique atonale et technique s\u00e9rielle<br>            Formes<br><em>L&rsquo;image de l&rsquo;Orient<\/em><br>      Vietnam, pays natal<br>            Hu\u00e9, ville natale<br>            La musique de Hu\u00e9<br>            Allusion \u00e0 la guerre du Vietnam<br>            Les musiques de film<br>      Le mode de pens\u00e9e<br>            L&rsquo;importance du son et du silence<br>            La notion de temps<br>            Le rapport musique\/philosophie<br><em>La musique comme expression d&rsquo;une philosophie orientale<\/em><br>      L&rsquo;Humanisme chinois &#8211; L&rsquo;Homme et l&rsquo;Humanit\u00e9<br>      La conception de l&rsquo;Univers et de l&rsquo;Homme dans l&rsquo;Univers<br>            L&rsquo;Homme et l&rsquo;Univers dans la philosophie chinoise<br>            L&rsquo;Homme et l&rsquo;Univers dans l&rsquo;hindouisme<br>            Le bouddhisme<br>Annexe 1 : Analyse de Chu Ky I<br>Annexe 2 : Analyse de Jeu des Cinq \u00c9l\u00e9ments I<br>Annexe 3 : Analyse de Paroles du Feu<br>Catalogue des \u0153uvres<br>Discography<br>Index des \u0153uvres de T\u00f4n-Th\u00e2t Ti\u00eat<br><\/p>\n<\/div>\n<\/div>","protected":false},"excerpt":{"rendered":"<p>4e de couverture N\u00e9 en 1933 dans l\u2019ancienne capitale imp\u00e9riale du Vietnam, Hu\u00e9, T\u00f4n-Th\u00e2t Ti\u00eat \u00e9tudia la composition \u00e0 Paris avec Jean Rivier et Andr\u00e9 Jolivet. Form\u00e9 aux techniques d\u2019\u00e9criture europ\u00e9ennes au d\u00e9but des ann\u00e9es 1960, il d\u00e9veloppe un style personnel qui, tout en se r\u00e9clamant de Webern et Penderecki, se nourrit de son h\u00e9ritage [&hellip;]<\/p>","protected":false},"author":1,"featured_media":0,"parent":29,"menu_order":2,"comment_status":"closed","ping_status":"closed","template":"","meta":{"_editorskit_title_hidden":false,"_editorskit_reading_time":0,"_editorskit_is_block_options_detached":false,"_editorskit_block_options_position":"{}"},"_links":{"self":[{"href":"https:\/\/laurencebancaud.com\/en\/wp-json\/wp\/v2\/pages\/125"}],"collection":[{"href":"https:\/\/laurencebancaud.com\/en\/wp-json\/wp\/v2\/pages"}],"about":[{"href":"https:\/\/laurencebancaud.com\/en\/wp-json\/wp\/v2\/types\/page"}],"author":[{"embeddable":true,"href":"https:\/\/laurencebancaud.com\/en\/wp-json\/wp\/v2\/users\/1"}],"replies":[{"embeddable":true,"href":"https:\/\/laurencebancaud.com\/en\/wp-json\/wp\/v2\/comments?post=125"}],"version-history":[{"count":5,"href":"https:\/\/laurencebancaud.com\/en\/wp-json\/wp\/v2\/pages\/125\/revisions"}],"predecessor-version":[{"id":497,"href":"https:\/\/laurencebancaud.com\/en\/wp-json\/wp\/v2\/pages\/125\/revisions\/497"}],"up":[{"embeddable":true,"href":"https:\/\/laurencebancaud.com\/en\/wp-json\/wp\/v2\/pages\/29"}],"wp:attachment":[{"href":"https:\/\/laurencebancaud.com\/en\/wp-json\/wp\/v2\/media?parent=125"}],"curies":[{"name":"wp","href":"https:\/\/api.w.org\/{rel}","templated":true}]}}