{"id":123,"date":"2022-12-29T19:05:33","date_gmt":"2022-12-29T19:05:33","guid":{"rendered":"https:\/\/laurencebancaud.com\/?page_id=123"},"modified":"2023-01-29T20:25:44","modified_gmt":"2023-01-29T20:25:44","slug":"biographie-ton-that-tiet","status":"publish","type":"page","link":"https:\/\/laurencebancaud.com\/en\/ton-that-tiet\/biographie-ton-that-tiet\/","title":{"rendered":"T\u00f4n-Th\u00e2t Ti\u00eat biography"},"content":{"rendered":"<div class=\"wp-block-media-text alignwide is-stacked-on-mobile\" style=\"grid-template-columns:45% auto\"><figure class=\"wp-block-media-text__media\"><img decoding=\"async\" loading=\"lazy\" width=\"770\" height=\"1024\" src=\"https:\/\/laurencebancaud.com\/wp-content\/uploads\/2023\/01\/DE1A4842-recadre-770x1024.jpg\" alt=\"\" class=\"wp-image-417 size-full\" srcset=\"https:\/\/laurencebancaud.com\/wp-content\/uploads\/2023\/01\/DE1A4842-recadre-770x1024.jpg 770w, https:\/\/laurencebancaud.com\/wp-content\/uploads\/2023\/01\/DE1A4842-recadre-226x300.jpg 226w, https:\/\/laurencebancaud.com\/wp-content\/uploads\/2023\/01\/DE1A4842-recadre-768x1021.jpg 768w, https:\/\/laurencebancaud.com\/wp-content\/uploads\/2023\/01\/DE1A4842-recadre-9x12.jpg 9w, https:\/\/laurencebancaud.com\/wp-content\/uploads\/2023\/01\/DE1A4842-recadre.jpg 868w\" sizes=\"(max-width: 770px) 100vw, 770px\" \/><\/figure><div class=\"wp-block-media-text__content\">\n<p> <p>T\u00f4n-Th\u00e2t Ti\u00eat is a Vietnamese composer who was born in Hu\u00e9, the former imperial city of Vietnam, on 18th October 1933. He completed his secondary studies while living there, as well as embarking on his musical apprenticeship. In 1958 he goes to Paris in order to further his knowledge and understanding of music. After following courses in harmony and counterpoint at the Ecole Normale de Musique he is admitted at the CNSM in Paris, to study counterpoint, fugue and composition. He is encouraged by his composition teachers Jean Rivier and Andr\u00e9 Jolivet and gradually creates his own style, a balance between two very different cultures: Western composition following the post-webern school, as well as the colour, philosopihy and time conception of the Orient.<\/p>His works contain two main themes: Man and Mankind, from Chinese humanism, and Man and the Universe, through the vector of Chinese philosophy, namely the Five Elements, Hinduism and Buddhism. In his music he also tries to revive traditional Vietnamese music, particularly of a sacred nature, that of the Court in Hu\u00e9 and the Ca Tru, the music of Northern Vietnam.   <p>As an avid reader, T\u00f4n-Th\u00e2t Ti\u00eat is imbued with the works of the Chinese philosopher Tchouang-Tseu and the 8th century poets Li Po, Tou Fou and Wang Wei, with the impress of Taoism and Buddhism, and pursues the dream of a close relationship with nature.<\/p> <\/p>\n<\/div><\/div>","protected":false},"excerpt":{"rendered":"<p>Compositeur vietnamien, T\u00f4n-Th\u00e2t Ti\u00eat est n\u00e9 dans l\u2019ancienne capitale imp\u00e9riale du Vietnam, Hu\u00e9, le 18 Octobre 1933. Il fait ses \u00e9tudes secondaires dans sa ville natale et y commence son apprentissage musical. Afin d\u2019approfondir ses connaissances, il vient \u00e9tudier \u00e0 Paris \u00e0 partir de 1958. Apr\u00e8s avoir suivi des cours d&rsquo;harmonie et de contrepoint \u00e0 [&hellip;]<\/p>","protected":false},"author":1,"featured_media":0,"parent":29,"menu_order":1,"comment_status":"closed","ping_status":"closed","template":"","meta":{"_editorskit_title_hidden":false,"_editorskit_reading_time":0,"_editorskit_is_block_options_detached":false,"_editorskit_block_options_position":"{}"},"_links":{"self":[{"href":"https:\/\/laurencebancaud.com\/en\/wp-json\/wp\/v2\/pages\/123"}],"collection":[{"href":"https:\/\/laurencebancaud.com\/en\/wp-json\/wp\/v2\/pages"}],"about":[{"href":"https:\/\/laurencebancaud.com\/en\/wp-json\/wp\/v2\/types\/page"}],"author":[{"embeddable":true,"href":"https:\/\/laurencebancaud.com\/en\/wp-json\/wp\/v2\/users\/1"}],"replies":[{"embeddable":true,"href":"https:\/\/laurencebancaud.com\/en\/wp-json\/wp\/v2\/comments?post=123"}],"version-history":[{"count":3,"href":"https:\/\/laurencebancaud.com\/en\/wp-json\/wp\/v2\/pages\/123\/revisions"}],"predecessor-version":[{"id":422,"href":"https:\/\/laurencebancaud.com\/en\/wp-json\/wp\/v2\/pages\/123\/revisions\/422"}],"up":[{"embeddable":true,"href":"https:\/\/laurencebancaud.com\/en\/wp-json\/wp\/v2\/pages\/29"}],"wp:attachment":[{"href":"https:\/\/laurencebancaud.com\/en\/wp-json\/wp\/v2\/media?parent=123"}],"curies":[{"name":"wp","href":"https:\/\/api.w.org\/{rel}","templated":true}]}}